{"id":596621,"date":"2025-05-31T22:00:08","date_gmt":"2025-05-31T20:00:08","guid":{"rendered":"https:\/\/lucacastelli.com\/prodotto\/stihl-guides-cables\/"},"modified":"2025-05-31T22:00:08","modified_gmt":"2025-05-31T20:00:08","slug":"stihl-guides-cables","status":"publish","type":"product","link":"https:\/\/lucacastelli.com\/fr\/produit\/stihl-guides-cables\/","title":{"rendered":"STIHL Guides-c\u00e2bles"},"content":{"rendered":"<p>pLe guide-c\u00e2ble STIHL ADVANCE X-Flex fait partie du syst\u00e8me modulaire de ceinture STIHL ADVANCE X-Flex. Il aide les professionnels de la sylviculture, de l&#8217;horticulture et de l&#8217;am\u00e9nagement paysager \u00e0 travailler avec les outils sans fil STIHL du syst\u00e8me STIHL AP avec c\u00e2ble de raccordement ou peut \u00eatre utilis\u00e9 avec la sacoche de ceinture AP avec c\u00e2ble de raccordement.nbsp;L&#8217;\u00e9lasticit\u00e9 du guide-c\u00e2ble, \u00e0 travers lequel le c\u00e2ble de raccordement est achemin\u00e9, assure un grand rayon d&#8217;action et une grande libert\u00e9 de mouvement pendant le travail.\/p<br \/>\n795711884499<\/p>\n","protected":false},"excerpt":{"rendered":"<p>pLe guide-c\u00e2ble STIHL ADVANCE X-Flex fait partie du syst\u00e8me modulaire de ceinture STIHL ADVANCE X-Flex. Il aide les professionnels de<\/p>\n","protected":false},"featured_media":436361,"template":"","meta":{"_seopress_robots_primary_cat":"","_seopress_titles_title":"","_seopress_titles_desc":"","_seopress_robots_index":""},"product_brand":[3366],"product_cat":[21,284],"product_tag":[3265],"class_list":{"0":"post-596621","1":"product","2":"type-product","3":"status-publish","4":"has-post-thumbnail","6":"product_brand-stihl","7":"product_cat-abbigliamento","8":"product_cat-abbigliamento-da-lavoro","9":"product_tag-import-stihl","10":"sws-gruppo-macchinari-fr","11":"sws-conto-ricavi-merci-rivendita-macchinari-fr","12":"sws-gruppo-iva-iva81-fr","14":"first","15":"onbackorder","16":"purchasable","17":"product-type-simple"},"_links":{"self":[{"href":"https:\/\/lucacastelli.com\/fr\/wp-json\/wp\/v2\/product\/596621","targetHints":{"allow":["GET"]}}],"collection":[{"href":"https:\/\/lucacastelli.com\/fr\/wp-json\/wp\/v2\/product"}],"about":[{"href":"https:\/\/lucacastelli.com\/fr\/wp-json\/wp\/v2\/types\/product"}],"wp:featuredmedia":[{"embeddable":true,"href":"https:\/\/lucacastelli.com\/fr\/wp-json\/wp\/v2\/media\/436361"}],"wp:attachment":[{"href":"https:\/\/lucacastelli.com\/fr\/wp-json\/wp\/v2\/media?parent=596621"}],"wp:term":[{"taxonomy":"product_brand","embeddable":true,"href":"https:\/\/lucacastelli.com\/fr\/wp-json\/wp\/v2\/product_brand?post=596621"},{"taxonomy":"product_cat","embeddable":true,"href":"https:\/\/lucacastelli.com\/fr\/wp-json\/wp\/v2\/product_cat?post=596621"},{"taxonomy":"product_tag","embeddable":true,"href":"https:\/\/lucacastelli.com\/fr\/wp-json\/wp\/v2\/product_tag?post=596621"}],"curies":[{"name":"wp","href":"https:\/\/api.w.org\/{rel}","templated":true}]}}