{"id":596620,"date":"2025-05-31T22:01:03","date_gmt":"2025-05-31T20:01:03","guid":{"rendered":"https:\/\/lucacastelli.com\/prodotto\/sac-pour-smartphone-stihl\/"},"modified":"2025-05-31T22:01:03","modified_gmt":"2025-05-31T20:01:03","slug":"sac-pour-smartphone-stihl","status":"publish","type":"product","link":"https:\/\/lucacastelli.com\/fr\/produit\/sac-pour-smartphone-stihl\/","title":{"rendered":"Sac pour smartphone STIHL"},"content":{"rendered":"<p>pConvient \u00e0 diff\u00e9rents types de smartphones. Retrait facile gr\u00e2ce \u00e0 la boucle int\u00e9gr\u00e9e.\/p<br \/>\n886661971749<\/p>\n","protected":false},"excerpt":{"rendered":"<p>pConvient \u00e0 diff\u00e9rents types de smartphones. Retrait facile gr\u00e2ce \u00e0 la boucle int\u00e9gr\u00e9e.\/p 886661971749<\/p>\n","protected":false},"featured_media":436400,"template":"","meta":{"_seopress_robots_primary_cat":"","_seopress_titles_title":"","_seopress_titles_desc":"","_seopress_robots_index":""},"product_brand":[3366],"product_cat":[21,284],"product_tag":[3265],"class_list":{"0":"post-596620","1":"product","2":"type-product","3":"status-publish","4":"has-post-thumbnail","6":"product_brand-stihl","7":"product_cat-abbigliamento","8":"product_cat-abbigliamento-da-lavoro","9":"product_tag-import-stihl","10":"sws-gruppo-macchinari-fr","11":"sws-conto-ricavi-merci-rivendita-macchinari-fr","12":"sws-gruppo-iva-iva81-fr","14":"first","15":"onbackorder","16":"purchasable","17":"product-type-simple"},"_links":{"self":[{"href":"https:\/\/lucacastelli.com\/fr\/wp-json\/wp\/v2\/product\/596620","targetHints":{"allow":["GET"]}}],"collection":[{"href":"https:\/\/lucacastelli.com\/fr\/wp-json\/wp\/v2\/product"}],"about":[{"href":"https:\/\/lucacastelli.com\/fr\/wp-json\/wp\/v2\/types\/product"}],"wp:featuredmedia":[{"embeddable":true,"href":"https:\/\/lucacastelli.com\/fr\/wp-json\/wp\/v2\/media\/436400"}],"wp:attachment":[{"href":"https:\/\/lucacastelli.com\/fr\/wp-json\/wp\/v2\/media?parent=596620"}],"wp:term":[{"taxonomy":"product_brand","embeddable":true,"href":"https:\/\/lucacastelli.com\/fr\/wp-json\/wp\/v2\/product_brand?post=596620"},{"taxonomy":"product_cat","embeddable":true,"href":"https:\/\/lucacastelli.com\/fr\/wp-json\/wp\/v2\/product_cat?post=596620"},{"taxonomy":"product_tag","embeddable":true,"href":"https:\/\/lucacastelli.com\/fr\/wp-json\/wp\/v2\/product_tag?post=596620"}],"curies":[{"name":"wp","href":"https:\/\/api.w.org\/{rel}","templated":true}]}}