{"id":596617,"date":"2025-05-31T22:00:59","date_gmt":"2025-05-31T20:00:59","guid":{"rendered":"https:\/\/lucacastelli.com\/prodotto\/sac-de-transport-pour-radio-stihl\/"},"modified":"2025-05-31T22:00:59","modified_gmt":"2025-05-31T20:00:59","slug":"sac-de-transport-pour-radio-stihl","status":"publish","type":"product","link":"https:\/\/lucacastelli.com\/fr\/produit\/sac-de-transport-pour-radio-stihl\/","title":{"rendered":"Sac de transport pour radio STIHL"},"content":{"rendered":"<p>pSac radio pour le syst\u00e8me de ceinture modulaire STIHL.nbsp;Peut \u00eatre utilis\u00e9 avec diff\u00e9rents appareils radio.\/p<br \/>\n886661971725<\/p>\n","protected":false},"excerpt":{"rendered":"<p>pSac radio pour le syst\u00e8me de ceinture modulaire STIHL.nbsp;Peut \u00eatre utilis\u00e9 avec diff\u00e9rents appareils radio.\/p 886661971725<\/p>\n","protected":false},"featured_media":436391,"template":"","meta":{"_seopress_robots_primary_cat":"","_seopress_titles_title":"","_seopress_titles_desc":"","_seopress_robots_index":""},"product_brand":[3366],"product_cat":[21,284],"product_tag":[3265],"class_list":{"0":"post-596617","1":"product","2":"type-product","3":"status-publish","4":"has-post-thumbnail","6":"product_brand-stihl","7":"product_cat-abbigliamento","8":"product_cat-abbigliamento-da-lavoro","9":"product_tag-import-stihl","10":"sws-gruppo-macchinari-fr","11":"sws-conto-ricavi-merci-rivendita-macchinari-fr","12":"sws-gruppo-iva-iva81-fr","14":"first","15":"onbackorder","16":"purchasable","17":"product-type-simple"},"_links":{"self":[{"href":"https:\/\/lucacastelli.com\/fr\/wp-json\/wp\/v2\/product\/596617","targetHints":{"allow":["GET"]}}],"collection":[{"href":"https:\/\/lucacastelli.com\/fr\/wp-json\/wp\/v2\/product"}],"about":[{"href":"https:\/\/lucacastelli.com\/fr\/wp-json\/wp\/v2\/types\/product"}],"wp:featuredmedia":[{"embeddable":true,"href":"https:\/\/lucacastelli.com\/fr\/wp-json\/wp\/v2\/media\/436391"}],"wp:attachment":[{"href":"https:\/\/lucacastelli.com\/fr\/wp-json\/wp\/v2\/media?parent=596617"}],"wp:term":[{"taxonomy":"product_brand","embeddable":true,"href":"https:\/\/lucacastelli.com\/fr\/wp-json\/wp\/v2\/product_brand?post=596617"},{"taxonomy":"product_cat","embeddable":true,"href":"https:\/\/lucacastelli.com\/fr\/wp-json\/wp\/v2\/product_cat?post=596617"},{"taxonomy":"product_tag","embeddable":true,"href":"https:\/\/lucacastelli.com\/fr\/wp-json\/wp\/v2\/product_tag?post=596617"}],"curies":[{"name":"wp","href":"https:\/\/api.w.org\/{rel}","templated":true}]}}