{"id":596609,"date":"2025-05-31T22:12:36","date_gmt":"2025-05-31T20:12:36","guid":{"rendered":"https:\/\/lucacastelli.com\/prodotto\/stihl-koa-20-sans-accu-ni-chargeur\/"},"modified":"2026-03-02T14:43:57","modified_gmt":"2026-03-02T13:43:57","slug":"stihl-koa-20-sans-accu-ni-chargeur","status":"publish","type":"product","link":"https:\/\/lucacastelli.com\/fr\/produit\/stihl-koa-20-sans-accu-ni-chargeur\/","title":{"rendered":"STIHL KOA 20, sans accu ni chargeur"},"content":{"rendered":"<p>pAvec des caract\u00e9ristiques avanc\u00e9es et un design ax\u00e9 sur le confort de l\u2019utilisateur, il s\u2019impose comme un outil essentiel pour le gonflage et le d\u00e9gonflage simples et rapides de divers \u00e9quipements.&nbsp;Le compresseur \u00e0 batterie KOA 20 est un appareil polyvalent con\u00e7u pour faciliter le gonflage et le d\u00e9gonflage de pneus, d\u2019\u00e9quipements de loisirs et de sport.&nbsp;Gr\u00e2ce \u00e0 son design ergonomique et \u00e0 ses multiples fonctionnalit\u00e9s, il garantit une utilisation simple, rapide et confortable.&nbsp;\/p<br \/>\n886661685660<\/p>\n<p>Tension nominale 11<br \/>\nSyst\u00e8me \u00e0 batterie Syst\u00e8me \u00e0 batterie<\/p>\n<p>Batterie recommand\u00e9e Batterie recommand\u00e9e<br \/>\nPoids de l\u2019appareil 1,5<br \/>\nPression max. (pompe haute pression) 10,3 <\/p>\n<table data-test-id=\"pdp-spec-tech-table\">\n<tbody>\n<tr>\n<td>Tension nominale<\/td>\n<td>10,8 V<\/td>\n<\/tr>\n<tr>\n<td>Pression max. (pompe haute pression) <\/td>\n<td>10,3 bar<\/td>\n<\/tr>\n<tr>\n<td>Pression max. (pompe haute pression) <\/td>\n<td>150 lbf\/in<\/td>\n<\/tr>\n<tr>\n<td>D\u00e9bit volum\u00e9trique max. (volume de la pompe) <\/td>\n<td>360 l\/min<\/td>\n<\/tr>\n<tr>\n<td>Poids de l\u2019appareil<\/td>\n<td>1,5 kg<\/td>\n<\/tr>\n<tr>\n<td>Outil 1 Mesure du son<\/td>\n<td>HIGH PRESSURE MODE<\/td>\n<\/tr>\n<tr>\n<td>Outil 2 Mesure du son<\/td>\n<td>HIGH VOLUME MODE<\/td>\n<\/tr>\n<tr>\n<td>Niveau de pression acoustique<\/td>\n<td>77 dB(A)<\/td>\n<\/tr>\n<tr>\n<td>Niveau de puissance acoustique<\/td>\n<td>85 dB(A)<\/td>\n<\/tr>\n<tr>\nNiveau <\/p>\n<td>de pression acoustique<\/td>\n<td>82 dB(A)<\/td>\n<\/tr>\n<tr>\n<td>Niveau de puissance acoustique<\/td>\n<td>90 dB(A)<\/td>\n<\/tr>\n<tr>\n<td>Batterie recommand\u00e9e<\/td>\n<td>AS 2<\/td>\n<\/tr>\n<tr>\n<td>Longueur<\/td>\n<td>282 mm<\/td>\n<\/tr>\n<tr>\n<td>Largeur<\/td>\n<td>105 mm<\/td>\n<\/tr>\n<tr>\n<td>Hauteur<\/td>\n<td>223 mm<\/td>\n<\/tr>\n<\/tbody>\n<\/table>\n","protected":false},"excerpt":{"rendered":"<p>pAvec des caract\u00e9ristiques avanc\u00e9es et un design ax\u00e9 sur le confort de l\u2019utilisateur, il s\u2019impose comme un outil essentiel pour<\/p>\n","protected":false},"featured_media":436898,"template":"","meta":{"_seopress_robots_primary_cat":"none","_seopress_titles_title":"","_seopress_titles_desc":"","_seopress_robots_index":""},"product_brand":[3366],"product_cat":[29,514,561],"product_tag":[3265],"class_list":{"0":"post-596609","1":"product","2":"type-product","3":"status-publish","4":"has-post-thumbnail","6":"product_brand-stihl","7":"product_cat-macchinari","8":"product_cat-altri-dispositivi","9":"product_cat-compressori","10":"product_tag-import-stihl","11":"sws-gruppo-abb-libero-fr","12":"sws-conto-ricavi-merci-rivendita-abbigliamento-fr","13":"sws-gruppo-iva-iva81-fr","15":"first","16":"onbackorder","17":"purchasable","18":"product-type-simple"},"_links":{"self":[{"href":"https:\/\/lucacastelli.com\/fr\/wp-json\/wp\/v2\/product\/596609","targetHints":{"allow":["GET"]}}],"collection":[{"href":"https:\/\/lucacastelli.com\/fr\/wp-json\/wp\/v2\/product"}],"about":[{"href":"https:\/\/lucacastelli.com\/fr\/wp-json\/wp\/v2\/types\/product"}],"wp:featuredmedia":[{"embeddable":true,"href":"https:\/\/lucacastelli.com\/fr\/wp-json\/wp\/v2\/media\/436898"}],"wp:attachment":[{"href":"https:\/\/lucacastelli.com\/fr\/wp-json\/wp\/v2\/media?parent=596609"}],"wp:term":[{"taxonomy":"product_brand","embeddable":true,"href":"https:\/\/lucacastelli.com\/fr\/wp-json\/wp\/v2\/product_brand?post=596609"},{"taxonomy":"product_cat","embeddable":true,"href":"https:\/\/lucacastelli.com\/fr\/wp-json\/wp\/v2\/product_cat?post=596609"},{"taxonomy":"product_tag","embeddable":true,"href":"https:\/\/lucacastelli.com\/fr\/wp-json\/wp\/v2\/product_tag?post=596609"}],"curies":[{"name":"wp","href":"https:\/\/api.w.org\/{rel}","templated":true}]}}