{"id":596608,"date":"2025-05-31T21:56:00","date_gmt":"2025-05-31T19:56:00","guid":{"rendered":"https:\/\/lucacastelli.com\/prodotto\/sac-a-cales-dabattage-stihl\/"},"modified":"2025-05-31T21:56:00","modified_gmt":"2025-05-31T19:56:00","slug":"sac-a-cales-dabattage-stihl","status":"publish","type":"product","link":"https:\/\/lucacastelli.com\/fr\/produit\/sac-a-cales-dabattage-stihl\/","title":{"rendered":"Sac \u00e0 cales d&#8217;abattage STIHL"},"content":{"rendered":"<p>pour deux cales de tailles diff\u00e9rentes. Peut \u00eatre retir\u00e9 ind\u00e9pendamment.\/p<br \/>\n886661889389<\/p>\n","protected":false},"excerpt":{"rendered":"<p>pour deux cales de tailles diff\u00e9rentes. Peut \u00eatre retir\u00e9 ind\u00e9pendamment.\/p 886661889389<\/p>\n","protected":false},"featured_media":424535,"template":"","meta":{"_seopress_robots_primary_cat":"","_seopress_titles_title":"","_seopress_titles_desc":"","_seopress_robots_index":""},"product_brand":[3555],"product_cat":[81,1381],"product_tag":[3267],"class_list":{"0":"post-596608","1":"product","2":"type-product","3":"status-publish","4":"has-post-thumbnail","6":"product_brand-stihl-fr","7":"product_cat-vetements","8":"product_cat-vetements-de-travail","9":"product_tag-import-stihl-fr","10":"sws-gruppo-macchinari","11":"sws-conto-ricavi-merci-rivendita-macchinari","12":"sws-gruppo-iva-iva81","14":"first","15":"onbackorder","16":"purchasable","17":"product-type-simple"},"_links":{"self":[{"href":"https:\/\/lucacastelli.com\/fr\/wp-json\/wp\/v2\/product\/596608","targetHints":{"allow":["GET"]}}],"collection":[{"href":"https:\/\/lucacastelli.com\/fr\/wp-json\/wp\/v2\/product"}],"about":[{"href":"https:\/\/lucacastelli.com\/fr\/wp-json\/wp\/v2\/types\/product"}],"wp:featuredmedia":[{"embeddable":true,"href":"https:\/\/lucacastelli.com\/fr\/wp-json\/wp\/v2\/media\/424535"}],"wp:attachment":[{"href":"https:\/\/lucacastelli.com\/fr\/wp-json\/wp\/v2\/media?parent=596608"}],"wp:term":[{"taxonomy":"product_brand","embeddable":true,"href":"https:\/\/lucacastelli.com\/fr\/wp-json\/wp\/v2\/product_brand?post=596608"},{"taxonomy":"product_cat","embeddable":true,"href":"https:\/\/lucacastelli.com\/fr\/wp-json\/wp\/v2\/product_cat?post=596608"},{"taxonomy":"product_tag","embeddable":true,"href":"https:\/\/lucacastelli.com\/fr\/wp-json\/wp\/v2\/product_tag?post=596608"}],"curies":[{"name":"wp","href":"https:\/\/api.w.org\/{rel}","templated":true}]}}