{"id":596597,"date":"2025-05-31T21:54:15","date_gmt":"2025-05-31T19:54:15","guid":{"rendered":"https:\/\/lucacastelli.com\/prodotto\/stihl-porte-metre-a-ruban\/"},"modified":"2025-05-31T21:54:15","modified_gmt":"2025-05-31T19:54:15","slug":"stihl-porte-metre-a-ruban","status":"publish","type":"product","link":"https:\/\/lucacastelli.com\/fr\/produit\/stihl-porte-metre-a-ruban\/","title":{"rendered":"STIHL Porte-m\u00e8tre \u00e0 ruban"},"content":{"rendered":"<p>pPour ranger le m\u00e8tre pendant le transport et pour une grande libert\u00e9 de mouvement lors des mesures.\/p<br \/>\n886661889433<\/p>\n","protected":false},"excerpt":{"rendered":"<p>pPour ranger le m\u00e8tre pendant le transport et pour une grande libert\u00e9 de mouvement lors des mesures.\/p 886661889433<\/p>\n","protected":false},"featured_media":424400,"template":"","meta":{"_seopress_robots_primary_cat":"","_seopress_titles_title":"","_seopress_titles_desc":"","_seopress_robots_index":""},"product_brand":[3555],"product_cat":[81,1381],"product_tag":[3267],"class_list":{"0":"post-596597","1":"product","2":"type-product","3":"status-publish","4":"has-post-thumbnail","6":"product_brand-stihl-fr","7":"product_cat-vetements","8":"product_cat-vetements-de-travail","9":"product_tag-import-stihl-fr","10":"sws-gruppo-macchinari","11":"sws-conto-ricavi-merci-rivendita-macchinari","12":"sws-gruppo-iva-iva81","14":"first","15":"onbackorder","16":"purchasable","17":"product-type-simple"},"_links":{"self":[{"href":"https:\/\/lucacastelli.com\/fr\/wp-json\/wp\/v2\/product\/596597","targetHints":{"allow":["GET"]}}],"collection":[{"href":"https:\/\/lucacastelli.com\/fr\/wp-json\/wp\/v2\/product"}],"about":[{"href":"https:\/\/lucacastelli.com\/fr\/wp-json\/wp\/v2\/types\/product"}],"wp:featuredmedia":[{"embeddable":true,"href":"https:\/\/lucacastelli.com\/fr\/wp-json\/wp\/v2\/media\/424400"}],"wp:attachment":[{"href":"https:\/\/lucacastelli.com\/fr\/wp-json\/wp\/v2\/media?parent=596597"}],"wp:term":[{"taxonomy":"product_brand","embeddable":true,"href":"https:\/\/lucacastelli.com\/fr\/wp-json\/wp\/v2\/product_brand?post=596597"},{"taxonomy":"product_cat","embeddable":true,"href":"https:\/\/lucacastelli.com\/fr\/wp-json\/wp\/v2\/product_cat?post=596597"},{"taxonomy":"product_tag","embeddable":true,"href":"https:\/\/lucacastelli.com\/fr\/wp-json\/wp\/v2\/product_tag?post=596597"}],"curies":[{"name":"wp","href":"https:\/\/api.w.org\/{rel}","templated":true}]}}