{"id":596592,"date":"2025-05-31T22:59:21","date_gmt":"2025-05-31T20:59:21","guid":{"rendered":"https:\/\/lucacastelli.com\/prodotto\/stihl-mh-445-r\/"},"modified":"2025-05-31T22:59:21","modified_gmt":"2025-05-31T20:59:21","slug":"stihl-mh-445-r","status":"publish","type":"product","link":"https:\/\/lucacastelli.com\/fr\/produit\/stihl-mh-445-r\/","title":{"rendered":"STIHL MH 445 R"},"content":{"rendered":"<p>Motoculteur puissant avec une grande maniabilit\u00e9 pour travailler m\u00eame dans les espaces les plus restreints. Confort de commande \u00e9lev\u00e9 pour un binage avec un effort r\u00e9duit. Vibrations minimales gr\u00e2ce au syst\u00e8me anti-vibration int\u00e9gr\u00e9.<br \/>\n886661644551  <\/p>\n<p>Cylindr\u00e9e 139<br \/>\nTransmission<\/p>\n<p>Type de moteur<br \/>\nCO2 922<br \/>\nPoids 37,0<\/p>\n","protected":false},"excerpt":{"rendered":"<p>MH 445 R<\/p>\n","protected":false},"featured_media":423852,"template":"","meta":{"_seopress_robots_primary_cat":"","_seopress_titles_title":"","_seopress_titles_desc":"","_seopress_robots_index":""},"product_brand":[3554],"product_cat":[169,1454,1529],"product_tag":[3266],"class_list":{"0":"post-596592","1":"product","2":"type-product","3":"status-publish","4":"has-post-thumbnail","6":"product_brand-stihl-de","7":"product_cat-maschinen","8":"product_cat-andere-gerate","9":"product_cat-motorhacken","10":"product_tag-import-stihl-de","11":"sws-gruppo-macchinari-fr","12":"sws-conto-ricavi-merci-rivendita-macchinari-fr","13":"sws-gruppo-iva-iva81-fr","15":"first","16":"onbackorder","17":"purchasable","18":"product-type-simple"},"_links":{"self":[{"href":"https:\/\/lucacastelli.com\/fr\/wp-json\/wp\/v2\/product\/596592","targetHints":{"allow":["GET"]}}],"collection":[{"href":"https:\/\/lucacastelli.com\/fr\/wp-json\/wp\/v2\/product"}],"about":[{"href":"https:\/\/lucacastelli.com\/fr\/wp-json\/wp\/v2\/types\/product"}],"wp:featuredmedia":[{"embeddable":true,"href":"https:\/\/lucacastelli.com\/fr\/wp-json\/wp\/v2\/media\/423852"}],"wp:attachment":[{"href":"https:\/\/lucacastelli.com\/fr\/wp-json\/wp\/v2\/media?parent=596592"}],"wp:term":[{"taxonomy":"product_brand","embeddable":true,"href":"https:\/\/lucacastelli.com\/fr\/wp-json\/wp\/v2\/product_brand?post=596592"},{"taxonomy":"product_cat","embeddable":true,"href":"https:\/\/lucacastelli.com\/fr\/wp-json\/wp\/v2\/product_cat?post=596592"},{"taxonomy":"product_tag","embeddable":true,"href":"https:\/\/lucacastelli.com\/fr\/wp-json\/wp\/v2\/product_tag?post=596592"}],"curies":[{"name":"wp","href":"https:\/\/api.w.org\/{rel}","templated":true}]}}