{"id":596575,"date":"2025-05-31T23:02:16","date_gmt":"2025-05-31T21:02:16","guid":{"rendered":"https:\/\/lucacastelli.com\/prodotto\/stihl-kma-120-r-sans-accu-ni-chargeur\/"},"modified":"2025-05-31T23:02:16","modified_gmt":"2025-05-31T21:02:16","slug":"stihl-kma-120-r-sans-accu-ni-chargeur","status":"publish","type":"product","link":"https:\/\/lucacastelli.com\/fr\/produit\/stihl-kma-120-r-sans-accu-ni-chargeur\/","title":{"rendered":"STIHL KMA 120 R, sans accu ni chargeur"},"content":{"rendered":"<p>Moteur Kombi sans fil puissant et l\u00e9ger avec un couple \u00e9lev\u00e9 pour un fonctionnement \u00e9conome en \u00e9nergie et silencieux. Extr\u00eamement polyvalent gr\u00e2ce \u00e0 la vaste gamme d&#8217;outils Kombi de STIHL. Compartiment \u00e0 batterie AP int\u00e9gr\u00e9 dans l&#8217;appareil, moteur EC sans balais, r\u00e9glage de la vitesse et deux niveaux de puissance (Eco et Max), poign\u00e9e circulaire avec r\u00e9glage sans outil. Le limiteur de pas peut \u00eatre facilement mont\u00e9 ou d\u00e9mont\u00e9. Verrouillage du levier de vitesse lat\u00e9ral, anneau de fixation pivotant. La KMA 120 R ne peut pas \u00eatre utilis\u00e9e avec la d\u00e9broussailleuse FSB-KM.\/p<br \/>\n886661742295<\/p>\n<p>Tension nominale 36<br \/>\nSyst\u00e8me de batterie<\/p>\n<p>Poids de l&#8217;appareil<br \/>\nAutonomie de la batterie avec AP 200 25<br \/>\nAutonomie de la batterie avec AP 300 S 45<\/p>\n","protected":false},"excerpt":{"rendered":"<p>KMA 120 R, sans accu ni chargeur<\/p>\n","protected":false},"featured_media":424166,"template":"","meta":{"_seopress_robots_primary_cat":"","_seopress_titles_title":"","_seopress_titles_desc":"","_seopress_robots_index":""},"product_brand":[3366],"product_cat":[29,296],"product_tag":[3265],"class_list":{"0":"post-596575","1":"product","2":"type-product","3":"status-publish","4":"has-post-thumbnail","6":"product_brand-stihl","7":"product_cat-macchinari","8":"product_cat-sistemi-kombi-e-multi","9":"product_tag-import-stihl","10":"sws-gruppo-macchinari-fr","11":"sws-conto-ricavi-merci-rivendita-macchinari-fr","12":"sws-gruppo-iva-iva81-fr","14":"first","15":"onbackorder","16":"purchasable","17":"product-type-simple"},"_links":{"self":[{"href":"https:\/\/lucacastelli.com\/fr\/wp-json\/wp\/v2\/product\/596575","targetHints":{"allow":["GET"]}}],"collection":[{"href":"https:\/\/lucacastelli.com\/fr\/wp-json\/wp\/v2\/product"}],"about":[{"href":"https:\/\/lucacastelli.com\/fr\/wp-json\/wp\/v2\/types\/product"}],"wp:featuredmedia":[{"embeddable":true,"href":"https:\/\/lucacastelli.com\/fr\/wp-json\/wp\/v2\/media\/424166"}],"wp:attachment":[{"href":"https:\/\/lucacastelli.com\/fr\/wp-json\/wp\/v2\/media?parent=596575"}],"wp:term":[{"taxonomy":"product_brand","embeddable":true,"href":"https:\/\/lucacastelli.com\/fr\/wp-json\/wp\/v2\/product_brand?post=596575"},{"taxonomy":"product_cat","embeddable":true,"href":"https:\/\/lucacastelli.com\/fr\/wp-json\/wp\/v2\/product_cat?post=596575"},{"taxonomy":"product_tag","embeddable":true,"href":"https:\/\/lucacastelli.com\/fr\/wp-json\/wp\/v2\/product_tag?post=596575"}],"curies":[{"name":"wp","href":"https:\/\/api.w.org\/{rel}","templated":true}]}}