{"id":596573,"date":"2025-05-31T22:59:49","date_gmt":"2025-05-31T20:59:49","guid":{"rendered":"https:\/\/lucacastelli.com\/prodotto\/stihl-sha-56-avec-ak-20-et-al-101\/"},"modified":"2025-10-15T17:25:00","modified_gmt":"2025-10-15T15:25:00","slug":"stihl-sha-56-avec-ak-20-et-al-101","status":"publish","type":"product","link":"https:\/\/lucacastelli.com\/fr\/produit\/stihl-sha-56-avec-ak-20-et-al-101\/","title":{"rendered":"STIHL SHA 56, avec AK 20 et AL 101"},"content":{"rendered":"<p>Le premier aspirateur-d\u00e9chiqueteur sans fil de la gamme STIHL. Outil pratique 2 en 1, il peut \u00eatre utilis\u00e9 \u00e0 la fois pour aspirer le feuillage et les tailles de haies et pour souffler les feuilles ou le papier. La conversion de l&#8217;aspirateur-d\u00e9chiqueteur en souffleur est particuli\u00e8rement facile et ne n\u00e9cessite aucun outil. Excellente ergonomie dans les deux modes de travail gr\u00e2ce \u00e0 la poign\u00e9e pivotante \u00e0 vitesse variable. En tant que broyeur sous vide, il est \u00e9quip\u00e9 d&#8217;une poign\u00e9e frontale suppl\u00e9mentaire, d&#8217;une \u00e9toile de broyage en m\u00e9tal et d&#8217;une bandouli\u00e8re rembourr\u00e9e. Le sac de collecte est fix\u00e9 au tuyau d&#8217;aspiration et offre un espace maximal pour les jambes gr\u00e2ce \u00e0 sa conception asym\u00e9trique. Un sac de collecte portable \u00e0 l&#8217;arri\u00e8re est disponible en tant qu&#8217;accessoire. Soufflerie avec buse ronde et tube de soufflerie r\u00e9glable en longueur \u00e0 deux niveaux. Buse plate pour une vitesse d&#8217;air plus \u00e9lev\u00e9e disponible en accessoire.<br \/>\n886661738755        <\/p>\n<p>Tension nominale 36<br \/>\nSyst\u00e8me de batterie<\/p>\n<p>Batterie recommand\u00e9e Batterie recommand\u00e9e<br \/>\nPoids de l&#8217;appareil 4,2<br \/>\nVitesse d&#8217;air max. avec buse ronde 56,0<\/p>\n","protected":false},"excerpt":{"rendered":"<p>SHA 56, avec AK 20 et AL 101<\/p>\n","protected":false},"featured_media":423985,"template":"","meta":{"_seopress_robots_primary_cat":"","_seopress_titles_title":"","_seopress_titles_desc":"","_seopress_robots_index":""},"product_brand":[3366],"product_cat":[29,485,497],"product_tag":[3265],"class_list":{"0":"post-596573","1":"product","2":"type-product","3":"status-publish","4":"has-post-thumbnail","6":"product_brand-stihl","7":"product_cat-macchinari","8":"product_cat-soffiatori-e-aspiratori","9":"product_cat-aspiratore-trituratore","10":"product_tag-import-stihl","11":"sws-gruppo-macchinari-fr","12":"sws-conto-ricavi-merci-rivendita-macchinari-fr","13":"sws-gruppo-iva-iva81-fr","15":"first","16":"onbackorder","17":"purchasable","18":"product-type-simple"},"_links":{"self":[{"href":"https:\/\/lucacastelli.com\/fr\/wp-json\/wp\/v2\/product\/596573","targetHints":{"allow":["GET"]}}],"collection":[{"href":"https:\/\/lucacastelli.com\/fr\/wp-json\/wp\/v2\/product"}],"about":[{"href":"https:\/\/lucacastelli.com\/fr\/wp-json\/wp\/v2\/types\/product"}],"wp:featuredmedia":[{"embeddable":true,"href":"https:\/\/lucacastelli.com\/fr\/wp-json\/wp\/v2\/media\/423985"}],"wp:attachment":[{"href":"https:\/\/lucacastelli.com\/fr\/wp-json\/wp\/v2\/media?parent=596573"}],"wp:term":[{"taxonomy":"product_brand","embeddable":true,"href":"https:\/\/lucacastelli.com\/fr\/wp-json\/wp\/v2\/product_brand?post=596573"},{"taxonomy":"product_cat","embeddable":true,"href":"https:\/\/lucacastelli.com\/fr\/wp-json\/wp\/v2\/product_cat?post=596573"},{"taxonomy":"product_tag","embeddable":true,"href":"https:\/\/lucacastelli.com\/fr\/wp-json\/wp\/v2\/product_tag?post=596573"}],"curies":[{"name":"wp","href":"https:\/\/api.w.org\/{rel}","templated":true}]}}