{"id":596571,"date":"2025-05-31T22:55:54","date_gmt":"2025-05-31T20:55:54","guid":{"rendered":"https:\/\/lucacastelli.com\/prodotto\/kit-dentretien-stihl-41\/"},"modified":"2025-08-12T13:57:04","modified_gmt":"2025-08-12T11:57:04","slug":"kit-dentretien-stihl-41","status":"publish","type":"product","link":"https:\/\/lucacastelli.com\/fr\/produit\/kit-dentretien-stihl-41\/","title":{"rendered":"Kit d&#8217;entretien STIHL 41"},"content":{"rendered":"<p>Les kits d&#8217;entretien pour d\u00e9broussailleuses \u00e0 essence STIHL vous permettent d&#8217;effectuer vous-m\u00eame des travaux d&#8217;entretien simples. Chaque kit contient une bougie d&#8217;allumage, un filtre \u00e0 carburant et un filtre \u00e0 air en tissu ou en papier. Gr\u00e2ce \u00e0 un entretien standard proactif et r\u00e9gulier, vous pouvez non seulement prot\u00e9ger les composants et les pi\u00e8ces de l&#8217;outil contre la salet\u00e9 ou les dommages, mais aussi augmenter la dur\u00e9e de vie de votre d\u00e9broussailleuse.  <\/p>\n<p>A utiliser pour FR 410, FR 460, FR 480 C-E, FS 240, FS 260, FS 261, FS 360, FS 361, FS 410, FS 411, FS 460, FS 461<\/p>\n","protected":false},"excerpt":{"rendered":"<p>Kit d&#8217;entretien 41<\/p>\n","protected":false},"featured_media":423613,"template":"","meta":{"_seopress_robots_primary_cat":"none","_seopress_titles_title":"","_seopress_titles_desc":"","_seopress_robots_index":""},"product_brand":[3555],"product_cat":[1644,167],"product_tag":[3267],"class_list":{"0":"post-596571","1":"product","2":"type-product","3":"status-publish","4":"has-post-thumbnail","6":"product_brand-stihl-fr","7":"product_cat-accessoires-et-consommables-fr-6","8":"product_cat-machines","9":"product_tag-import-stihl-fr","10":"sws-gruppo-macchinari-fr","11":"sws-conto-ricavi-merci-rivendita-macchinari-fr","12":"sws-gruppo-iva-iva81-fr","14":"first","15":"onbackorder","16":"purchasable","17":"product-type-simple"},"_links":{"self":[{"href":"https:\/\/lucacastelli.com\/fr\/wp-json\/wp\/v2\/product\/596571","targetHints":{"allow":["GET"]}}],"collection":[{"href":"https:\/\/lucacastelli.com\/fr\/wp-json\/wp\/v2\/product"}],"about":[{"href":"https:\/\/lucacastelli.com\/fr\/wp-json\/wp\/v2\/types\/product"}],"wp:featuredmedia":[{"embeddable":true,"href":"https:\/\/lucacastelli.com\/fr\/wp-json\/wp\/v2\/media\/423613"}],"wp:attachment":[{"href":"https:\/\/lucacastelli.com\/fr\/wp-json\/wp\/v2\/media?parent=596571"}],"wp:term":[{"taxonomy":"product_brand","embeddable":true,"href":"https:\/\/lucacastelli.com\/fr\/wp-json\/wp\/v2\/product_brand?post=596571"},{"taxonomy":"product_cat","embeddable":true,"href":"https:\/\/lucacastelli.com\/fr\/wp-json\/wp\/v2\/product_cat?post=596571"},{"taxonomy":"product_tag","embeddable":true,"href":"https:\/\/lucacastelli.com\/fr\/wp-json\/wp\/v2\/product_tag?post=596571"}],"curies":[{"name":"wp","href":"https:\/\/api.w.org\/{rel}","templated":true}]}}