{"id":596569,"date":"2025-05-31T22:59:48","date_gmt":"2025-05-31T20:59:48","guid":{"rendered":"https:\/\/lucacastelli.com\/prodotto\/stihl-kma-80-r-sans-accu-ni-chargeur\/"},"modified":"2025-05-31T22:59:48","modified_gmt":"2025-05-31T20:59:48","slug":"stihl-kma-80-r-sans-accu-ni-chargeur","status":"publish","type":"product","link":"https:\/\/lucacastelli.com\/fr\/produit\/stihl-kma-80-r-sans-accu-ni-chargeur\/","title":{"rendered":"STIHL KMA 80 R, sans accu ni chargeur"},"content":{"rendered":"<p>pSi vous souhaitez effectuer divers travaux priv\u00e9s exigeants dans votre jardin domestique et que vous voulez \u00eatre aussi flexible que possible, le moteur combin\u00e9 sans fil STIHL KMA 80 R est un bon choix. Vous pouvez l&#8217;utiliser avec de nombreux outils combin\u00e9s STIHL. L&#8217;outil combin\u00e9 STIHL requis peut \u00eatre mont\u00e9 facilement et sans outils via l&#8217;interface sur l&#8217;arbre gr\u00e2ce \u00e0 l&#8217;accouplement rapide avec vis papillon. Comme le premier moteur combin\u00e9 STIHL KMA 80 R fonctionne tr\u00e8s silencieusement, vous pouvez l&#8217;utiliser m\u00eame dans les zones sensibles au bruit.\/ppLa STIHL KMA 80 R est \u00e9quip\u00e9e d&#8217;un puissant moteur EC sans balais et est bien \u00e9quilibr\u00e9e, ce qui vous permet de l&#8217;utiliser confortablement avec diff\u00e9rents outils combin\u00e9s. En fonction de l&#8217;application, vous pouvez r\u00e9gler la vitesse variable directement sur la poign\u00e9e de commande avec 2 niveaux de vitesse. En mode ECO (niveau 1) pour les travaux plus simples, la STIHL KMA 80 R consomme moins d&#8217;\u00e9nergie, ce qui prolonge la dur\u00e9e de vie de la batterie. Si vous souhaitez utiliser la vitesse maximale, il vous suffit de passer au niveau 2 \u00e0 l&#8217;aide de l&#8217;interrupteur coulissant. La vitesse peut \u00eatre r\u00e9gl\u00e9e en continu en fonction de l&#8217;outil combin\u00e9 mont\u00e9.\/ppLa poign\u00e9e ronde avec composant souple offre une grande flexibilit\u00e9 et une grande libert\u00e9 de mouvement, m\u00eame dans les espaces restreints. Gr\u00e2ce au syst\u00e8me de r\u00e9glage rapide, vous pouvez adapter la poign\u00e9e \u00e0 votre taille, ce qui vous assure une position de travail ergonomique \u00e0 tout moment.\/p<br \/>\n886661677238<\/p>\n<p>Tension nominale 36<br \/>\nSyst\u00e8me de batterie<\/p>\n<p>Poids de l&#8217;appareil<br \/>\nLongueur de la douille d&#8217;embrayage 92<\/p>\n","protected":false},"excerpt":{"rendered":"<p>KMA 80 R, sans accu ni chargeur<\/p>\n","protected":false},"featured_media":423948,"template":"","meta":{"_seopress_robots_primary_cat":"","_seopress_titles_title":"","_seopress_titles_desc":"","_seopress_robots_index":""},"product_brand":[3366],"product_cat":[29,296],"product_tag":[3265],"class_list":{"0":"post-596569","1":"product","2":"type-product","3":"status-publish","4":"has-post-thumbnail","6":"product_brand-stihl","7":"product_cat-macchinari","8":"product_cat-sistemi-kombi-e-multi","9":"product_tag-import-stihl","10":"sws-gruppo-macchinari-fr","11":"sws-conto-ricavi-merci-rivendita-macchinari-fr","12":"sws-gruppo-iva-iva81-fr","14":"first","15":"onbackorder","16":"purchasable","17":"product-type-simple"},"_links":{"self":[{"href":"https:\/\/lucacastelli.com\/fr\/wp-json\/wp\/v2\/product\/596569","targetHints":{"allow":["GET"]}}],"collection":[{"href":"https:\/\/lucacastelli.com\/fr\/wp-json\/wp\/v2\/product"}],"about":[{"href":"https:\/\/lucacastelli.com\/fr\/wp-json\/wp\/v2\/types\/product"}],"wp:featuredmedia":[{"embeddable":true,"href":"https:\/\/lucacastelli.com\/fr\/wp-json\/wp\/v2\/media\/423948"}],"wp:attachment":[{"href":"https:\/\/lucacastelli.com\/fr\/wp-json\/wp\/v2\/media?parent=596569"}],"wp:term":[{"taxonomy":"product_brand","embeddable":true,"href":"https:\/\/lucacastelli.com\/fr\/wp-json\/wp\/v2\/product_brand?post=596569"},{"taxonomy":"product_cat","embeddable":true,"href":"https:\/\/lucacastelli.com\/fr\/wp-json\/wp\/v2\/product_cat?post=596569"},{"taxonomy":"product_tag","embeddable":true,"href":"https:\/\/lucacastelli.com\/fr\/wp-json\/wp\/v2\/product_tag?post=596569"}],"curies":[{"name":"wp","href":"https:\/\/api.w.org\/{rel}","templated":true}]}}