{"id":596566,"date":"2025-05-31T22:32:55","date_gmt":"2025-05-31T20:32:55","guid":{"rendered":"https:\/\/lucacastelli.com\/prodotto\/stihl-bga-86-sans-accu-ni-chargeur\/"},"modified":"2025-10-20T14:13:51","modified_gmt":"2025-10-20T12:13:51","slug":"stihl-bga-86-sans-accu-ni-chargeur","status":"publish","type":"product","link":"https:\/\/lucacastelli.com\/fr\/produit\/stihl-bga-86-sans-accu-ni-chargeur\/","title":{"rendered":"STIHL BGA 86, sans accu ni chargeur"},"content":{"rendered":"<p>pLe souffleur sans fil STIHL BGA 86 est un souffleur tr\u00e8s puissant pour les applications professionnelles, avec une grande puissance de soufflage et un faible poids. Le souffleur p\u00e8se 2,8 kg (sans batterie) et est tr\u00e8s silencieux, de sorte que vous pouvez l&#8217;utiliser m\u00eame dans des environnements sensibles au bruit, tels que les jardins d&#8217;h\u00f4pitaux, les jardins d&#8217;enfants ou les zones r\u00e9sidentielles, pour enlever les feuilles, les tontes et la salet\u00e9. Le souffleur STIHL BGA 86 fonctionne avec les batteries du syst\u00e8me STIHL AP\/strong. Gr\u00e2ce \u00e0 la poign\u00e9e multifonctionnelle \u00e0 une main, vous avez toutes les commandes \u00e0 port\u00e9e de main et vous pouvez utiliser l&#8217;appareil de mani\u00e8re fiable de la main droite comme de la main gauche. Vous pouvez ajuster la puissance de soufflage avec pr\u00e9cision gr\u00e2ce au r\u00e9glage progressif de la vitesse, en l&#8217;adaptant au type de surface \u00e0 nettoyer. Le souffleur BGA 86 est \u00e9quip\u00e9 de s\u00e9rie d&#8217;une buse ronde. Pour maintenir la bonne distance par rapport au sol, vous pouvez r\u00e9gler la longueur du tube de soufflage sur trois positions en fonction de votre taille.\/ppPour \u00e9liminer les feuilles lourdes ou humides, vous pouvez utiliser la buse plate STIHL en option. Cela vous permet d&#8217;enlever les feuilles encore plus efficacement.\/ppDans notre aper\u00e7u des temps de fonctionnement et de charge des batteries STIHL, vous pouvez voir combien de temps vous pouvez travailler avec votre souffleur sans fil STIHL BGA 86 et combien de temps il faut \u00e0 la batterie que vous avez choisie pour se recharger.\/ppTous les appareils sans fil STIHL AP sont con\u00e7us pour les utilisateurs professionnels et pour une utilisation quotidienne, m\u00eame dans des conditions m\u00e9t\u00e9orologiques d\u00e9favorables. Ils sont donc dot\u00e9s d&#8217;une protection test\u00e9e contre les projections d&#8217;eau. Leur efficacit\u00e9 est prouv\u00e9e par des tests internes rigoureux. Le test de protection contre les projections d&#8217;eau est bas\u00e9, entre autres, sur la norme IPX4.\/p<br \/>\n886661867349<\/p>\n<p>Tension nominale 36<br \/>\nSyst\u00e8me de batterie<\/p>\n<p>Poids de l&#8217;appareil<br \/>\nClasse de protection IP IPX4<br \/>\nVitesse d&#8217;air max. avec buse ronde 69,0<\/p>\n","protected":false},"excerpt":{"rendered":"<p>BGA 86, sans accu ni chargeur<\/p>\n","protected":false},"featured_media":422697,"template":"","meta":{"_seopress_robots_primary_cat":"","_seopress_titles_title":"","_seopress_titles_desc":"","_seopress_robots_index":""},"product_brand":[3555],"product_cat":[167,1651,1643],"product_tag":[3267],"class_list":{"0":"post-596566","1":"product","2":"type-product","3":"status-publish","4":"has-post-thumbnail","6":"product_brand-stihl-fr","7":"product_cat-machines","8":"product_cat-souffleurs-a-batterie","9":"product_cat-souffleurs-et-aspirateurs","10":"product_tag-import-stihl-fr","11":"sws-gruppo-macchinari-fr","12":"sws-conto-ricavi-merci-rivendita-macchinari-fr","13":"sws-gruppo-iva-iva81-fr","15":"first","16":"onbackorder","17":"purchasable","18":"product-type-simple"},"_links":{"self":[{"href":"https:\/\/lucacastelli.com\/fr\/wp-json\/wp\/v2\/product\/596566","targetHints":{"allow":["GET"]}}],"collection":[{"href":"https:\/\/lucacastelli.com\/fr\/wp-json\/wp\/v2\/product"}],"about":[{"href":"https:\/\/lucacastelli.com\/fr\/wp-json\/wp\/v2\/types\/product"}],"wp:featuredmedia":[{"embeddable":true,"href":"https:\/\/lucacastelli.com\/fr\/wp-json\/wp\/v2\/media\/422697"}],"wp:attachment":[{"href":"https:\/\/lucacastelli.com\/fr\/wp-json\/wp\/v2\/media?parent=596566"}],"wp:term":[{"taxonomy":"product_brand","embeddable":true,"href":"https:\/\/lucacastelli.com\/fr\/wp-json\/wp\/v2\/product_brand?post=596566"},{"taxonomy":"product_cat","embeddable":true,"href":"https:\/\/lucacastelli.com\/fr\/wp-json\/wp\/v2\/product_cat?post=596566"},{"taxonomy":"product_tag","embeddable":true,"href":"https:\/\/lucacastelli.com\/fr\/wp-json\/wp\/v2\/product_tag?post=596566"}],"curies":[{"name":"wp","href":"https:\/\/api.w.org\/{rel}","templated":true}]}}