{"id":596556,"date":"2025-05-31T22:59:06","date_gmt":"2025-05-31T20:59:06","guid":{"rendered":"https:\/\/lucacastelli.com\/prodotto\/kit-dentretien-stihl-28\/"},"modified":"2025-05-31T22:59:06","modified_gmt":"2025-05-31T20:59:06","slug":"kit-dentretien-stihl-28","status":"publish","type":"product","link":"https:\/\/lucacastelli.com\/fr\/produit\/kit-dentretien-stihl-28\/","title":{"rendered":"Kit d&#8217;entretien STIHL 28"},"content":{"rendered":"<p>Les kits d&#8217;entretien STIHL pour outils mixtes vous permettent d&#8217;effectuer vous-m\u00eame des op\u00e9rations d&#8217;entretien simples. Le kit comprend une bougie d&#8217;allumage, un filtre \u00e0 carburant et un filtre \u00e0 air en papier ou non tiss\u00e9. En plus de pr\u00e9server les composants de l&#8217;\u00e9quipement de la salet\u00e9 et des dommages, un entretien standard proactif et r\u00e9gulier prolonge la dur\u00e9e de vie de votre outil \u00e9lectrique au fil du temps. A l&#8217;exception de la cl\u00e9 combin\u00e9e, d\u00e9j\u00e0 fournie avec la d\u00e9broussailleuse STIHL, aucun autre outil n&#8217;est n\u00e9cessaire pour l&#8217;entretien.<br \/>\n886661726301   <\/p>\n","protected":false},"excerpt":{"rendered":"<p>Kit d&#8217;entretien 28<\/p>\n","protected":false},"featured_media":423835,"template":"","meta":{"_seopress_robots_primary_cat":"","_seopress_titles_title":"","_seopress_titles_desc":"","_seopress_robots_index":""},"product_brand":[3366],"product_cat":[29,515],"product_tag":[3265],"class_list":{"0":"post-596556","1":"product","2":"type-product","3":"status-publish","4":"has-post-thumbnail","6":"product_brand-stihl","7":"product_cat-macchinari","8":"product_cat-accessori-e-materiale-di-consumo-altri-dispositivi","9":"product_tag-import-stihl","10":"sws-gruppo-macchinari-fr","11":"sws-conto-ricavi-merci-rivendita-macchinari-fr","12":"sws-gruppo-iva-iva81-fr","14":"first","15":"onbackorder","16":"purchasable","17":"product-type-simple"},"_links":{"self":[{"href":"https:\/\/lucacastelli.com\/fr\/wp-json\/wp\/v2\/product\/596556","targetHints":{"allow":["GET"]}}],"collection":[{"href":"https:\/\/lucacastelli.com\/fr\/wp-json\/wp\/v2\/product"}],"about":[{"href":"https:\/\/lucacastelli.com\/fr\/wp-json\/wp\/v2\/types\/product"}],"wp:featuredmedia":[{"embeddable":true,"href":"https:\/\/lucacastelli.com\/fr\/wp-json\/wp\/v2\/media\/423835"}],"wp:attachment":[{"href":"https:\/\/lucacastelli.com\/fr\/wp-json\/wp\/v2\/media?parent=596556"}],"wp:term":[{"taxonomy":"product_brand","embeddable":true,"href":"https:\/\/lucacastelli.com\/fr\/wp-json\/wp\/v2\/product_brand?post=596556"},{"taxonomy":"product_cat","embeddable":true,"href":"https:\/\/lucacastelli.com\/fr\/wp-json\/wp\/v2\/product_cat?post=596556"},{"taxonomy":"product_tag","embeddable":true,"href":"https:\/\/lucacastelli.com\/fr\/wp-json\/wp\/v2\/product_tag?post=596556"}],"curies":[{"name":"wp","href":"https:\/\/api.w.org\/{rel}","templated":true}]}}