{"id":596538,"date":"2025-05-31T22:56:16","date_gmt":"2025-05-31T20:56:16","guid":{"rendered":"https:\/\/lucacastelli.com\/prodotto\/kit-dentretien-stihl-45\/"},"modified":"2025-05-31T22:56:16","modified_gmt":"2025-05-31T20:56:16","slug":"kit-dentretien-stihl-45","status":"publish","type":"product","link":"https:\/\/lucacastelli.com\/fr\/produit\/kit-dentretien-stihl-45\/","title":{"rendered":"Kit d&#8217;entretien STIHL 45"},"content":{"rendered":"<p>Les kits d&#8217;entretien pour Tron\u00e7onneuses \u00e0 essence STIHL vous permettent d&#8217;effectuer vous-m\u00eame des travaux d&#8217;entretien simples. Chaque kit contient une bougie d&#8217;allumage, un filtre \u00e0 carburant et un filtre \u00e0 air fleece ou HD2. Avec un entretien standard proactif<br \/>\net un entretien r\u00e9gulier, vous pouvez non seulement prot\u00e9ger les composants et les pi\u00e8ces de l&#8217;outil de la salet\u00e9 ou des dommages, mais aussi augmenter la dur\u00e9e de vie de votre tron\u00e7onneuse. Outre la cl\u00e9 Kombi que vous avez d\u00e9j\u00e0 re\u00e7ue avec votre Tron\u00e7onneuses<br \/>\nSTIHL, vous n&#8217;avez besoin d&#8217;aucun autre outil pour l&#8217;entretien.   <\/p>\n<p>Convient pour MS 170 (avec moteur STIHL 2-MIX), MS 180 (avec moteur STIHL 2-MIX)<\/p>\n","protected":false},"excerpt":{"rendered":"<p>Kit d&#8217;entretien 45<\/p>\n","protected":false},"featured_media":423640,"template":"","meta":{"_seopress_robots_primary_cat":"none","_seopress_titles_title":"","_seopress_titles_desc":"","_seopress_robots_index":""},"product_brand":[3555],"product_cat":[1456,167],"product_tag":[3267],"class_list":{"0":"post-596538","1":"product","2":"type-product","3":"status-publish","4":"has-post-thumbnail","6":"product_brand-stihl-fr","7":"product_cat-accessoires-et-consommables-fr","8":"product_cat-machines","9":"product_tag-import-stihl-fr","10":"sws-gruppo-macchinari-fr","11":"sws-conto-ricavi-merci-rivendita-macchinari-fr","12":"sws-gruppo-iva-iva81-fr","14":"first","15":"onbackorder","16":"purchasable","17":"product-type-simple"},"_links":{"self":[{"href":"https:\/\/lucacastelli.com\/fr\/wp-json\/wp\/v2\/product\/596538","targetHints":{"allow":["GET"]}}],"collection":[{"href":"https:\/\/lucacastelli.com\/fr\/wp-json\/wp\/v2\/product"}],"about":[{"href":"https:\/\/lucacastelli.com\/fr\/wp-json\/wp\/v2\/types\/product"}],"wp:featuredmedia":[{"embeddable":true,"href":"https:\/\/lucacastelli.com\/fr\/wp-json\/wp\/v2\/media\/423640"}],"wp:attachment":[{"href":"https:\/\/lucacastelli.com\/fr\/wp-json\/wp\/v2\/media?parent=596538"}],"wp:term":[{"taxonomy":"product_brand","embeddable":true,"href":"https:\/\/lucacastelli.com\/fr\/wp-json\/wp\/v2\/product_brand?post=596538"},{"taxonomy":"product_cat","embeddable":true,"href":"https:\/\/lucacastelli.com\/fr\/wp-json\/wp\/v2\/product_cat?post=596538"},{"taxonomy":"product_tag","embeddable":true,"href":"https:\/\/lucacastelli.com\/fr\/wp-json\/wp\/v2\/product_tag?post=596538"}],"curies":[{"name":"wp","href":"https:\/\/api.w.org\/{rel}","templated":true}]}}