{"id":596517,"date":"2025-05-31T22:50:25","date_gmt":"2025-05-31T20:50:25","guid":{"rendered":"https:\/\/lucacastelli.com\/prodotto\/stihl-filtre-fin-100-m-pour-vanne-darret\/"},"modified":"2025-05-31T22:50:25","modified_gmt":"2025-05-31T20:50:25","slug":"stihl-filtre-fin-100-m-pour-vanne-darret","status":"publish","type":"product","link":"https:\/\/lucacastelli.com\/fr\/produit\/stihl-filtre-fin-100-m-pour-vanne-darret\/","title":{"rendered":"STIHL Filtre fin 100 m pour vanne d&#8217;arr\u00eat"},"content":{"rendered":"<p>Pour SG 31, SG 51 et SG 71. Filtre fin pour la vanne d&#8217;arr\u00eat. Emp\u00eache le colmatage des buses avec un faible d\u00e9bit de liquide.<br \/>\n886661133505  <\/p>\n","protected":false},"excerpt":{"rendered":"<p>Filtre fin 100 m pour vanne d&#8217;arr\u00eat<\/p>\n","protected":false},"featured_media":423191,"template":"","meta":{"_seopress_robots_primary_cat":"","_seopress_titles_title":"","_seopress_titles_desc":"","_seopress_robots_index":""},"product_brand":[3366],"product_cat":[29,514,517],"product_tag":[3265],"class_list":{"0":"post-596517","1":"product","2":"type-product","3":"status-publish","4":"has-post-thumbnail","6":"product_brand-stihl","7":"product_cat-macchinari","8":"product_cat-altri-dispositivi","9":"product_cat-aspiratori-per-la-pulizia","10":"product_tag-import-stihl","11":"sws-gruppo-macchinari-fr","12":"sws-conto-ricavi-merci-rivendita-macchinari-fr","13":"sws-gruppo-iva-iva81-fr","15":"first","16":"onbackorder","17":"purchasable","18":"product-type-simple"},"_links":{"self":[{"href":"https:\/\/lucacastelli.com\/fr\/wp-json\/wp\/v2\/product\/596517","targetHints":{"allow":["GET"]}}],"collection":[{"href":"https:\/\/lucacastelli.com\/fr\/wp-json\/wp\/v2\/product"}],"about":[{"href":"https:\/\/lucacastelli.com\/fr\/wp-json\/wp\/v2\/types\/product"}],"wp:featuredmedia":[{"embeddable":true,"href":"https:\/\/lucacastelli.com\/fr\/wp-json\/wp\/v2\/media\/423191"}],"wp:attachment":[{"href":"https:\/\/lucacastelli.com\/fr\/wp-json\/wp\/v2\/media?parent=596517"}],"wp:term":[{"taxonomy":"product_brand","embeddable":true,"href":"https:\/\/lucacastelli.com\/fr\/wp-json\/wp\/v2\/product_brand?post=596517"},{"taxonomy":"product_cat","embeddable":true,"href":"https:\/\/lucacastelli.com\/fr\/wp-json\/wp\/v2\/product_cat?post=596517"},{"taxonomy":"product_tag","embeddable":true,"href":"https:\/\/lucacastelli.com\/fr\/wp-json\/wp\/v2\/product_tag?post=596517"}],"curies":[{"name":"wp","href":"https:\/\/api.w.org\/{rel}","templated":true}]}}