{"id":596493,"date":"2026-02-07T22:31:35","date_gmt":"2026-02-07T21:31:35","guid":{"rendered":"https:\/\/lucacastelli.com\/prodotto\/stihl-gta-26-set-avec-as-2-et-al-1\/"},"modified":"2026-04-19T17:27:45","modified_gmt":"2026-04-19T15:27:45","slug":"stihl-gta-26-set-avec-as-2-et-al-1","status":"publish","type":"product","link":"https:\/\/lucacastelli.com\/fr\/produit\/stihl-gta-26-set-avec-as-2-et-al-1\/","title":{"rendered":"STIHL GTA 26 Set, avec AS 2 et AL 1"},"content":{"rendered":"<p>Scie sur batterie polyvalente pour broussailles. Pour la taille des arbres et arbustes, pour r\u00e9duire en petits morceaux le mat\u00e9riel coup\u00e9 et pour les travaux de menuiserie. Avec cha\u00eene PM3 de 1\/4&#8243; pour des performances \u00e9lev\u00e9es et des coupes puissantes. Poign\u00e9e antid\u00e9rapante pour une ergonomie parfaite. Remplacement de la cha\u00eene sans outil, capot de protection flexible pour travailler en toute s\u00e9curit\u00e9, avec indicateur d&#8217;\u00e9tat de charge.<br \/>\n886661634262    <\/p>\n<p>Tension nominale 11<br \/>\nPuissance absorb\u00e9e Puissance absorb\u00e9e<\/p>\n<p>Puissance Puissance<br \/>\nSyst\u00e8me de batterie AS<br \/>\nPoids de l&#8217;appareil 1,1<\/p>\n","protected":false},"excerpt":{"rendered":"<p>GTA 26 Set, avec AS 2 et AL 1<\/p>\n","protected":false},"featured_media":637871,"template":"","meta":{"_seopress_robots_primary_cat":"none","_seopress_titles_title":"","_seopress_titles_desc":"","_seopress_robots_index":""},"product_brand":[3366],"product_cat":[29],"product_tag":[3265],"class_list":{"0":"post-596493","1":"product","2":"type-product","3":"status-publish","4":"has-post-thumbnail","6":"product_brand-stihl","7":"product_cat-macchinari","8":"product_tag-import-stihl","9":"sws-gruppo-macchinari-fr","10":"sws-conto-ricavi-merci-rivendita-macchinari-fr","11":"sws-gruppo-iva-iva81-fr","13":"first","14":"onbackorder","15":"sale","16":"purchasable","17":"product-type-simple"},"_links":{"self":[{"href":"https:\/\/lucacastelli.com\/fr\/wp-json\/wp\/v2\/product\/596493","targetHints":{"allow":["GET"]}}],"collection":[{"href":"https:\/\/lucacastelli.com\/fr\/wp-json\/wp\/v2\/product"}],"about":[{"href":"https:\/\/lucacastelli.com\/fr\/wp-json\/wp\/v2\/types\/product"}],"wp:featuredmedia":[{"embeddable":true,"href":"https:\/\/lucacastelli.com\/fr\/wp-json\/wp\/v2\/media\/637871"}],"wp:attachment":[{"href":"https:\/\/lucacastelli.com\/fr\/wp-json\/wp\/v2\/media?parent=596493"}],"wp:term":[{"taxonomy":"product_brand","embeddable":true,"href":"https:\/\/lucacastelli.com\/fr\/wp-json\/wp\/v2\/product_brand?post=596493"},{"taxonomy":"product_cat","embeddable":true,"href":"https:\/\/lucacastelli.com\/fr\/wp-json\/wp\/v2\/product_cat?post=596493"},{"taxonomy":"product_tag","embeddable":true,"href":"https:\/\/lucacastelli.com\/fr\/wp-json\/wp\/v2\/product_tag?post=596493"}],"curies":[{"name":"wp","href":"https:\/\/api.w.org\/{rel}","templated":true}]}}