{"id":596363,"date":"2025-06-01T02:41:00","date_gmt":"2025-06-01T00:41:00","guid":{"rendered":"https:\/\/lucacastelli.com\/prodotto\/les-etancons-stihl-fs\/"},"modified":"2025-06-01T02:41:00","modified_gmt":"2025-06-01T00:41:00","slug":"les-etancons-stihl-fs","status":"publish","type":"product","link":"https:\/\/lucacastelli.com\/fr\/produit\/les-etancons-stihl-fs\/","title":{"rendered":"Les \u00e9tan\u00e7ons STIHL FS"},"content":{"rendered":"<p>Bretelles \u00e9lastiques avec fermeture velcro \u00e9lastique, ce qui \u00e9vite les points de pression sur les bretelles, taille unique.<br \/>\n795711878412<\/p>\n","protected":false},"excerpt":{"rendered":"<p>Les appareils orthop\u00e9diques de la FS<\/p>\n","protected":false},"featured_media":425413,"template":"","meta":{"_seopress_robots_primary_cat":"","_seopress_titles_title":"","_seopress_titles_desc":"","_seopress_robots_index":""},"product_brand":[3366],"product_cat":[21,284,1103],"product_tag":[3265],"class_list":{"0":"post-596363","1":"product","2":"type-product","3":"status-publish","4":"has-post-thumbnail","6":"product_brand-stihl","7":"product_cat-abbigliamento","8":"product_cat-abbigliamento-da-lavoro","9":"product_cat-shops","10":"product_tag-import-stihl","11":"sws-gruppo-abb-libero-fr","12":"sws-conto-ricavi-merci-rivendita-abbigliamento-fr","13":"sws-gruppo-iva-iva81-fr","15":"first","16":"onbackorder","17":"purchasable","18":"product-type-simple"},"_links":{"self":[{"href":"https:\/\/lucacastelli.com\/fr\/wp-json\/wp\/v2\/product\/596363","targetHints":{"allow":["GET"]}}],"collection":[{"href":"https:\/\/lucacastelli.com\/fr\/wp-json\/wp\/v2\/product"}],"about":[{"href":"https:\/\/lucacastelli.com\/fr\/wp-json\/wp\/v2\/types\/product"}],"wp:featuredmedia":[{"embeddable":true,"href":"https:\/\/lucacastelli.com\/fr\/wp-json\/wp\/v2\/media\/425413"}],"wp:attachment":[{"href":"https:\/\/lucacastelli.com\/fr\/wp-json\/wp\/v2\/media?parent=596363"}],"wp:term":[{"taxonomy":"product_brand","embeddable":true,"href":"https:\/\/lucacastelli.com\/fr\/wp-json\/wp\/v2\/product_brand?post=596363"},{"taxonomy":"product_cat","embeddable":true,"href":"https:\/\/lucacastelli.com\/fr\/wp-json\/wp\/v2\/product_cat?post=596363"},{"taxonomy":"product_tag","embeddable":true,"href":"https:\/\/lucacastelli.com\/fr\/wp-json\/wp\/v2\/product_tag?post=596363"}],"curies":[{"name":"wp","href":"https:\/\/api.w.org\/{rel}","templated":true}]}}