{"id":596361,"date":"2025-06-01T02:40:54","date_gmt":"2025-06-01T00:40:54","guid":{"rendered":"https:\/\/lucacastelli.com\/prodotto\/etriers-prof-stihl-noir-orange-130-cm-avec-clips\/"},"modified":"2025-08-12T13:56:33","modified_gmt":"2025-08-12T11:56:33","slug":"etriers-prof-stihl-noir-orange-130-cm-avec-clips","status":"publish","type":"product","link":"https:\/\/lucacastelli.com\/fr\/produit\/etriers-prof-stihl-noir-orange-130-cm-avec-clips\/","title":{"rendered":"\u00c9triers prof. STIHL noir\/orange, 130 cm, avec clips"},"content":{"rendered":"<p>Couleur noir et orange, 70 % polyamide, 30 % caoutchouc. Pour tous les pantalons au niveau de la taille, avec des clips m\u00e9talliques sans insert en mati\u00e8re synth\u00e9tique contrast\u00e9e, pour un maintien particuli\u00e8rement bon.<br \/>\n795711301842 <\/p>\n","protected":false},"excerpt":{"rendered":"<p>Bretelles prof. noir\/orange, 130 cm, avec clips<\/p>\n","protected":false},"featured_media":425407,"template":"","meta":{"_seopress_robots_primary_cat":"","_seopress_titles_title":"","_seopress_titles_desc":"","_seopress_robots_index":""},"product_brand":[3366],"product_cat":[21,284,186],"product_tag":[3265],"class_list":{"0":"post-596361","1":"product","2":"type-product","3":"status-publish","4":"has-post-thumbnail","6":"product_brand-stihl","7":"product_cat-abbigliamento","8":"product_cat-abbigliamento-da-lavoro","9":"product_cat-accessori-per-labbigliamento","10":"product_tag-import-stihl","11":"sws-gruppo-abb-libero-fr","12":"sws-conto-ricavi-merci-rivendita-abbigliamento-fr","13":"sws-gruppo-iva-iva81-fr","15":"first","16":"onbackorder","17":"purchasable","18":"product-type-simple"},"_links":{"self":[{"href":"https:\/\/lucacastelli.com\/fr\/wp-json\/wp\/v2\/product\/596361","targetHints":{"allow":["GET"]}}],"collection":[{"href":"https:\/\/lucacastelli.com\/fr\/wp-json\/wp\/v2\/product"}],"about":[{"href":"https:\/\/lucacastelli.com\/fr\/wp-json\/wp\/v2\/types\/product"}],"wp:featuredmedia":[{"embeddable":true,"href":"https:\/\/lucacastelli.com\/fr\/wp-json\/wp\/v2\/media\/425407"}],"wp:attachment":[{"href":"https:\/\/lucacastelli.com\/fr\/wp-json\/wp\/v2\/media?parent=596361"}],"wp:term":[{"taxonomy":"product_brand","embeddable":true,"href":"https:\/\/lucacastelli.com\/fr\/wp-json\/wp\/v2\/product_brand?post=596361"},{"taxonomy":"product_cat","embeddable":true,"href":"https:\/\/lucacastelli.com\/fr\/wp-json\/wp\/v2\/product_cat?post=596361"},{"taxonomy":"product_tag","embeddable":true,"href":"https:\/\/lucacastelli.com\/fr\/wp-json\/wp\/v2\/product_tag?post=596361"}],"curies":[{"name":"wp","href":"https:\/\/api.w.org\/{rel}","templated":true}]}}