{"id":596298,"date":"2022-06-30T12:55:32","date_gmt":"2022-06-30T10:55:32","guid":{"rendered":"https:\/\/lucacastelli.com\/prodotto\/pfanner-optischer-brilleneinsatz\/"},"modified":"2026-04-18T01:38:44","modified_gmt":"2026-04-17T23:38:44","slug":"pfanner-optischer-brilleneinsatz","status":"publish","type":"product","link":"https:\/\/lucacastelli.com\/fr\/produit\/pfanner-optischer-brilleneinsatz\/","title":{"rendered":"PFANNER Optischer Brilleneinsatz"},"content":{"rendered":"<p>L\u2019insert optique a \u00e9t\u00e9 sp\u00e9cialement con\u00e7u pour les lunettes de protection Protos\u00ae Integral et se fixe facilement sur le pont de nez des lunettes de protection Protos\u00ae Integral. Des verres optiques allant jusqu\u2019\u00e0 +\/-4 dioptries peuvent \u00eatre install\u00e9s sans probl\u00e8me dans l\u2019insert par votre opticien. Les verres optiques b\u00e9n\u00e9ficient d\u2019une protection optimale en \u00e9tant plac\u00e9s derri\u00e8re les lunettes de protection. Le grand avantage de l\u2019insert optique int\u00e9gr\u00e9 est que les branches des lunettes n\u2019interf\u00e8rent pas avec la protection auditive et n\u2019exercent aucune pression inconfortable sur la t\u00eate.   <\/p>\n","protected":false},"excerpt":{"rendered":"<p>L\u2019insert optique a \u00e9t\u00e9 sp\u00e9cialement con\u00e7u pour les lunettes de protection Protos\u00ae Integral et se fixe facilement sur le pont<\/p>\n","protected":false},"featured_media":72865,"template":"","meta":{"_seopress_robots_primary_cat":"none","_seopress_titles_title":"","_seopress_titles_desc":"","_seopress_robots_index":""},"product_brand":[3669,4722],"product_cat":[144,1397,1405,1412],"product_tag":[],"class_list":{"0":"post-596298","1":"product","2":"type-product","3":"status-publish","4":"has-post-thumbnail","6":"product_brand-pfanner-fr","7":"product_brand-protos-fr","8":"product_cat-equipement","9":"product_cat-equipement-de-travail","10":"product_cat-casques","11":"product_cat-visieres-et-lunettes","12":"sws-gruppo-no-gruppo-fr","13":"sws-categoria-sito-fr","14":"sws-sottocategoria-altro-fr","15":"sws-conto-ricavi-merci-rivendita-abbigliamento-fr","16":"sws-gruppo-iva-iva81-fr","18":"first","19":"instock","20":"shipping-taxable","21":"purchasable","22":"product-type-simple"},"_links":{"self":[{"href":"https:\/\/lucacastelli.com\/fr\/wp-json\/wp\/v2\/product\/596298","targetHints":{"allow":["GET"]}}],"collection":[{"href":"https:\/\/lucacastelli.com\/fr\/wp-json\/wp\/v2\/product"}],"about":[{"href":"https:\/\/lucacastelli.com\/fr\/wp-json\/wp\/v2\/types\/product"}],"wp:featuredmedia":[{"embeddable":true,"href":"https:\/\/lucacastelli.com\/fr\/wp-json\/wp\/v2\/media\/72865"}],"wp:attachment":[{"href":"https:\/\/lucacastelli.com\/fr\/wp-json\/wp\/v2\/media?parent=596298"}],"wp:term":[{"taxonomy":"product_brand","embeddable":true,"href":"https:\/\/lucacastelli.com\/fr\/wp-json\/wp\/v2\/product_brand?post=596298"},{"taxonomy":"product_cat","embeddable":true,"href":"https:\/\/lucacastelli.com\/fr\/wp-json\/wp\/v2\/product_cat?post=596298"},{"taxonomy":"product_tag","embeddable":true,"href":"https:\/\/lucacastelli.com\/fr\/wp-json\/wp\/v2\/product_tag?post=596298"}],"curies":[{"name":"wp","href":"https:\/\/api.w.org\/{rel}","templated":true}]}}