{"id":596164,"date":"2025-08-05T16:42:25","date_gmt":"2025-08-05T14:42:25","guid":{"rendered":"https:\/\/lucacastelli.com\/prodotto\/protos-inuit-jacke-neonorange-melange\/"},"modified":"2026-04-16T00:51:01","modified_gmt":"2026-04-15T22:51:01","slug":"protos-inuit-jacke-neonorange-melange","status":"publish","type":"product","link":"https:\/\/lucacastelli.com\/fr\/produit\/protos-inuit-jacke-neonorange-melange\/","title":{"rendered":"Veste Protos\u00ae Inuit orange n\u00e9on &#8211; melange"},"content":{"rendered":"<p>L&#8217;ext\u00e9rieur de la veste Protos\u00ae Inuit est tricot\u00e9 lisse et prot\u00e9g\u00e9 contre la salet\u00e9 gr\u00e2ce \u00e0 un traitement hydrofuge. L&#8217;int\u00e9rieur est en flanelle douce. La veste Protos\u00ae Inuit est \u00e9quip\u00e9e de renforts hydrofuges sur les \u00e9paules, de coudes renforc\u00e9s, du syst\u00e8me de poches Zipp2Zipp\u00ae et d&#8217;un int\u00e9rieur gratt\u00e9 pour un confort optimal. Le col et la protection r\u00e9nale allong\u00e9e prot\u00e8gent du froid, tandis que le 3CON\u00ae Reflex au dos garantit une meilleure visibilit\u00e9. Les coloris orange et jaune sont \u00e9galement disponibles avec des bandes r\u00e9fl\u00e9chissantes.<br \/>\n-Syst\u00e8me de poches Zipp2Zipp\u00ae avec fermetures \u00e9clair autolock<br \/>\n-Tissu tricot\u00e9 robuste et r\u00e9sistant \u00e0 la salet\u00e9<br \/>\n-Flanelle douce au contact de la peau<br \/>\n-Renforts hydrofuges sur les \u00e9paules<br \/>\n-Renforts aux coudes r\u00e9sistants \u00e0 l&#8217;abrasion<br \/>\n-3CON\u00ae r\u00e9fl\u00e9chissant au dos allong\u00e9<br \/>\n-Col haut et dos allong\u00e9<br \/>\n-Poche int\u00e9rieure extra profonde<br \/>\n-Bandes r\u00e9fl\u00e9chissantes dans les coloris jaune et orange    <\/p>\n<p>Mati\u00e8re : 100 % polyester<\/p>\n","protected":false},"excerpt":{"rendered":"<p>L&#8217;ext\u00e9rieur de la veste Protos\u00ae Inuit est tricot\u00e9 lisse et prot\u00e9g\u00e9 contre la salet\u00e9 gr\u00e2ce \u00e0 un traitement hydrofuge. L&#8217;int\u00e9rieur<\/p>\n","protected":false},"featured_media":594076,"template":"","meta":{"_seopress_robots_primary_cat":"none","_seopress_titles_title":"","_seopress_titles_desc":"","_seopress_robots_index":""},"product_brand":[3669,4722],"product_cat":[81,981,1381,982],"product_tag":[],"class_list":{"0":"post-596164","1":"product","2":"type-product","3":"status-publish","4":"has-post-thumbnail","6":"product_brand-pfanner-fr","7":"product_brand-protos-fr","8":"product_cat-vetements","9":"product_cat-vetements-de-loisirs","10":"product_cat-vetements-de-travail","11":"product_cat-vetements-pour-hommes","12":"sws-gruppo-no-gruppo-fr","13":"sws-conto-ricavi-merci-rivendita-abbigliamento-fr","14":"sws-gruppo-iva-iva81-fr","16":"first","17":"instock","18":"shipping-taxable","19":"purchasable","20":"product-type-variable","21":"has-default-attributes"},"_links":{"self":[{"href":"https:\/\/lucacastelli.com\/fr\/wp-json\/wp\/v2\/product\/596164","targetHints":{"allow":["GET"]}}],"collection":[{"href":"https:\/\/lucacastelli.com\/fr\/wp-json\/wp\/v2\/product"}],"about":[{"href":"https:\/\/lucacastelli.com\/fr\/wp-json\/wp\/v2\/types\/product"}],"wp:featuredmedia":[{"embeddable":true,"href":"https:\/\/lucacastelli.com\/fr\/wp-json\/wp\/v2\/media\/594076"}],"wp:attachment":[{"href":"https:\/\/lucacastelli.com\/fr\/wp-json\/wp\/v2\/media?parent=596164"}],"wp:term":[{"taxonomy":"product_brand","embeddable":true,"href":"https:\/\/lucacastelli.com\/fr\/wp-json\/wp\/v2\/product_brand?post=596164"},{"taxonomy":"product_cat","embeddable":true,"href":"https:\/\/lucacastelli.com\/fr\/wp-json\/wp\/v2\/product_cat?post=596164"},{"taxonomy":"product_tag","embeddable":true,"href":"https:\/\/lucacastelli.com\/fr\/wp-json\/wp\/v2\/product_tag?post=596164"}],"curies":[{"name":"wp","href":"https:\/\/api.w.org\/{rel}","templated":true}]}}