{"id":596052,"date":"2022-08-12T13:37:23","date_gmt":"2022-08-12T11:37:23","guid":{"rendered":"https:\/\/lucacastelli.com\/prodotto\/montura-walk-band\/"},"modified":"2022-08-12T13:37:23","modified_gmt":"2022-08-12T11:37:23","slug":"montura-walk-band","status":"publish","type":"product","link":"https:\/\/lucacastelli.com\/fr\/produit\/montura-walk-band\/","title":{"rendered":"MONTURA WALK BAND"},"content":{"rendered":"<p>&#8211; Bandeau unisexe<br \/>\n&#8211; Tissu jersey polyester<br \/>\n&#8211; V\u00eatement id\u00e9al pour diverses activit\u00e9s de plein air et de loisirs<\/p>\n","protected":false},"excerpt":{"rendered":"<p>&#8211; Bandeau unisexe &#8211; Tissu jersey polyester &#8211; V\u00eatement id\u00e9al pour diverses activit\u00e9s de plein air et de loisirs<\/p>\n","protected":false},"featured_media":79809,"template":"","meta":{"_seopress_robots_primary_cat":"","_seopress_titles_title":"","_seopress_titles_desc":"","_seopress_robots_index":""},"product_brand":[4462],"product_cat":[81,1390],"product_tag":[],"class_list":{"0":"post-596052","1":"product","2":"type-product","3":"status-publish","4":"has-post-thumbnail","6":"product_brand-montura-fr","7":"product_cat-vetements","8":"product_cat-accessoires-dhabillement","9":"sws-gruppo-abb-libero-fr","10":"sws-conto-ricavi-merci-rivendita-abbigliamento-fr","11":"sws-gruppo-iva-iva81-fr","13":"first","14":"instock","15":"shipping-taxable","16":"purchasable","17":"product-type-variable"},"_links":{"self":[{"href":"https:\/\/lucacastelli.com\/fr\/wp-json\/wp\/v2\/product\/596052","targetHints":{"allow":["GET"]}}],"collection":[{"href":"https:\/\/lucacastelli.com\/fr\/wp-json\/wp\/v2\/product"}],"about":[{"href":"https:\/\/lucacastelli.com\/fr\/wp-json\/wp\/v2\/types\/product"}],"wp:featuredmedia":[{"embeddable":true,"href":"https:\/\/lucacastelli.com\/fr\/wp-json\/wp\/v2\/media\/79809"}],"wp:attachment":[{"href":"https:\/\/lucacastelli.com\/fr\/wp-json\/wp\/v2\/media?parent=596052"}],"wp:term":[{"taxonomy":"product_brand","embeddable":true,"href":"https:\/\/lucacastelli.com\/fr\/wp-json\/wp\/v2\/product_brand?post=596052"},{"taxonomy":"product_cat","embeddable":true,"href":"https:\/\/lucacastelli.com\/fr\/wp-json\/wp\/v2\/product_cat?post=596052"},{"taxonomy":"product_tag","embeddable":true,"href":"https:\/\/lucacastelli.com\/fr\/wp-json\/wp\/v2\/product_tag?post=596052"}],"curies":[{"name":"wp","href":"https:\/\/api.w.org\/{rel}","templated":true}]}}