{"id":596014,"date":"2022-08-12T13:52:21","date_gmt":"2022-08-12T11:52:21","guid":{"rendered":"https:\/\/lucacastelli.com\/prodotto\/montura-seamless-light-t-shirt\/"},"modified":"2026-03-01T00:24:54","modified_gmt":"2026-02-28T23:24:54","slug":"montura-seamless-light-t-shirt","status":"publish","type":"product","link":"https:\/\/lucacastelli.com\/fr\/produit\/montura-seamless-light-t-shirt\/","title":{"rendered":"MONTURA SEAMLESS LIGHT T-SHIRT"},"content":{"rendered":"<p>&#8211; T-shirt homme<br \/>\n&#8211; Tissu extensible haute performance sans couture en polypropyl\u00e8ne Dryarn\u00ae et nylon Q-SKIN\u00ae avec traitement Ultrafresh\u2122, l\u00e9ger, thermor\u00e9gulateur, respirant et \u00e0 s\u00e9chage rapide.<br \/>\n&#8211; Le v\u00eatement id\u00e9al sous un v\u00eatement d&#8217;ext\u00e9rieur imperm\u00e9able, parfait pour diverses activit\u00e9s de plein air et de loisirs.<\/p>\n","protected":false},"excerpt":{"rendered":"<p>&#8211; T-shirt homme &#8211; Tissu extensible haute performance sans couture en polypropyl\u00e8ne Dryarn\u00ae et nylon Q-SKIN\u00ae avec traitement Ultrafresh\u2122, l\u00e9ger,<\/p>\n","protected":false},"featured_media":79866,"template":"","meta":{"_seopress_robots_primary_cat":"","_seopress_titles_title":"","_seopress_titles_desc":"","_seopress_robots_index":""},"product_brand":[4462],"product_cat":[81,981,982],"product_tag":[],"class_list":{"0":"post-596014","1":"product","2":"type-product","3":"status-publish","4":"has-post-thumbnail","6":"product_brand-montura-fr","7":"product_cat-vetements","8":"product_cat-vetements-de-loisirs","9":"product_cat-vetements-pour-hommes","10":"sws-gruppo-abb-libero-fr","11":"sws-conto-ricavi-merci-rivendita-abbigliamento-fr","12":"sws-gruppo-iva-iva81-fr","14":"first","15":"instock","16":"shipping-taxable","17":"purchasable","18":"product-type-variable"},"_links":{"self":[{"href":"https:\/\/lucacastelli.com\/fr\/wp-json\/wp\/v2\/product\/596014","targetHints":{"allow":["GET"]}}],"collection":[{"href":"https:\/\/lucacastelli.com\/fr\/wp-json\/wp\/v2\/product"}],"about":[{"href":"https:\/\/lucacastelli.com\/fr\/wp-json\/wp\/v2\/types\/product"}],"wp:featuredmedia":[{"embeddable":true,"href":"https:\/\/lucacastelli.com\/fr\/wp-json\/wp\/v2\/media\/79866"}],"wp:attachment":[{"href":"https:\/\/lucacastelli.com\/fr\/wp-json\/wp\/v2\/media?parent=596014"}],"wp:term":[{"taxonomy":"product_brand","embeddable":true,"href":"https:\/\/lucacastelli.com\/fr\/wp-json\/wp\/v2\/product_brand?post=596014"},{"taxonomy":"product_cat","embeddable":true,"href":"https:\/\/lucacastelli.com\/fr\/wp-json\/wp\/v2\/product_cat?post=596014"},{"taxonomy":"product_tag","embeddable":true,"href":"https:\/\/lucacastelli.com\/fr\/wp-json\/wp\/v2\/product_tag?post=596014"}],"curies":[{"name":"wp","href":"https:\/\/api.w.org\/{rel}","templated":true}]}}