{"id":595969,"date":"2022-08-11T16:06:25","date_gmt":"2022-08-11T14:06:25","guid":{"rendered":"https:\/\/lucacastelli.com\/prodotto\/pantalon-montura-gavia\/"},"modified":"2026-03-01T00:24:56","modified_gmt":"2026-02-28T23:24:56","slug":"pantalon-montura-gavia","status":"publish","type":"product","link":"https:\/\/lucacastelli.com\/fr\/produit\/pantalon-montura-gavia\/","title":{"rendered":"PANTALON MONTURA GAVIA"},"content":{"rendered":"<p>&#8211; Pantalon homme<br \/>\n&#8211; Tissu softshell en nylon avec traitement DWR<br \/>\n&#8211; Taille \u00e9lastiqu\u00e9e avec passants de ceinture, boutons et fermetures \u00e0 glissi\u00e8re<br \/>\n&#8211; Poches pour les mains et poche arri\u00e8re zipp\u00e9e<br \/>\n&#8211; Le v\u00eatement id\u00e9al pour diverses activit\u00e9s de plein air et de loisirs dans des conditions froides.<\/p>\n","protected":false},"excerpt":{"rendered":"<p>&#8211; Pantalon homme &#8211; Tissu softshell en nylon avec traitement DWR &#8211; Taille \u00e9lastiqu\u00e9e avec passants de ceinture, boutons et<\/p>\n","protected":false},"featured_media":79549,"template":"","meta":{"_seopress_robots_primary_cat":"","_seopress_titles_title":"","_seopress_titles_desc":"","_seopress_robots_index":""},"product_brand":[4393],"product_cat":[21,189,190],"product_tag":[],"class_list":{"0":"post-595969","1":"product","2":"type-product","3":"status-publish","4":"has-post-thumbnail","6":"product_brand-montura","7":"product_cat-abbigliamento","8":"product_cat-abbigliamento-per-il-tempo-libero","9":"product_cat-abbigliamento-da-uomo","10":"sws-gruppo-abb-libero-de","11":"sws-conto-ricavi-merci-rivendita-abbigliamento","12":"sws-gruppo-iva-iva81","14":"first","15":"instock","16":"shipping-taxable","17":"purchasable","18":"product-type-variable"},"_links":{"self":[{"href":"https:\/\/lucacastelli.com\/fr\/wp-json\/wp\/v2\/product\/595969","targetHints":{"allow":["GET"]}}],"collection":[{"href":"https:\/\/lucacastelli.com\/fr\/wp-json\/wp\/v2\/product"}],"about":[{"href":"https:\/\/lucacastelli.com\/fr\/wp-json\/wp\/v2\/types\/product"}],"wp:featuredmedia":[{"embeddable":true,"href":"https:\/\/lucacastelli.com\/fr\/wp-json\/wp\/v2\/media\/79549"}],"wp:attachment":[{"href":"https:\/\/lucacastelli.com\/fr\/wp-json\/wp\/v2\/media?parent=595969"}],"wp:term":[{"taxonomy":"product_brand","embeddable":true,"href":"https:\/\/lucacastelli.com\/fr\/wp-json\/wp\/v2\/product_brand?post=595969"},{"taxonomy":"product_cat","embeddable":true,"href":"https:\/\/lucacastelli.com\/fr\/wp-json\/wp\/v2\/product_cat?post=595969"},{"taxonomy":"product_tag","embeddable":true,"href":"https:\/\/lucacastelli.com\/fr\/wp-json\/wp\/v2\/product_tag?post=595969"}],"curies":[{"name":"wp","href":"https:\/\/api.w.org\/{rel}","templated":true}]}}