{"id":595966,"date":"2022-08-11T09:19:25","date_gmt":"2022-08-11T07:19:25","guid":{"rendered":"https:\/\/lucacastelli.com\/prodotto\/maillot-montura-thermic-3-femme\/"},"modified":"2026-03-01T00:24:55","modified_gmt":"2026-02-28T23:24:55","slug":"maillot-montura-thermic-3-femme","status":"publish","type":"product","link":"https:\/\/lucacastelli.com\/fr\/produit\/maillot-montura-thermic-3-femme\/","title":{"rendered":"MAILLOT MONTURA THERMIC 3 FEMME"},"content":{"rendered":"<p>&#8211; Pull pour femmes<br \/>\n&#8211; Tissu polaire en polyester avec int\u00e9rieur bross\u00e9 et traitement antibact\u00e9rien Sanitised<br \/>\n&#8211; D\u00e9tail en polyester contrast\u00e9<br \/>\n&#8211; Fermeture \u00e9clair centrale sur le devant<br \/>\n&#8211; Le v\u00eatement id\u00e9al pour de nombreuses activit\u00e9s de plein air et de loisirs<\/p>\n","protected":false},"excerpt":{"rendered":"<p>&#8211; Pull pour femmes &#8211; Tissu polaire en polyester avec int\u00e9rieur bross\u00e9 et traitement antibact\u00e9rien Sanitised &#8211; D\u00e9tail en polyester<\/p>\n","protected":false},"featured_media":79278,"template":"","meta":{"_seopress_robots_primary_cat":"","_seopress_titles_title":"","_seopress_titles_desc":"","_seopress_robots_index":""},"product_brand":[4393],"product_cat":[21,189,200],"product_tag":[],"class_list":{"0":"post-595966","1":"product","2":"type-product","3":"status-publish","4":"has-post-thumbnail","6":"product_brand-montura","7":"product_cat-abbigliamento","8":"product_cat-abbigliamento-per-il-tempo-libero","9":"product_cat-abbigliamento-da-donna","11":"first","12":"instock","13":"shipping-taxable","14":"purchasable","15":"product-type-variable"},"_links":{"self":[{"href":"https:\/\/lucacastelli.com\/fr\/wp-json\/wp\/v2\/product\/595966","targetHints":{"allow":["GET"]}}],"collection":[{"href":"https:\/\/lucacastelli.com\/fr\/wp-json\/wp\/v2\/product"}],"about":[{"href":"https:\/\/lucacastelli.com\/fr\/wp-json\/wp\/v2\/types\/product"}],"wp:featuredmedia":[{"embeddable":true,"href":"https:\/\/lucacastelli.com\/fr\/wp-json\/wp\/v2\/media\/79278"}],"wp:attachment":[{"href":"https:\/\/lucacastelli.com\/fr\/wp-json\/wp\/v2\/media?parent=595966"}],"wp:term":[{"taxonomy":"product_brand","embeddable":true,"href":"https:\/\/lucacastelli.com\/fr\/wp-json\/wp\/v2\/product_brand?post=595966"},{"taxonomy":"product_cat","embeddable":true,"href":"https:\/\/lucacastelli.com\/fr\/wp-json\/wp\/v2\/product_cat?post=595966"},{"taxonomy":"product_tag","embeddable":true,"href":"https:\/\/lucacastelli.com\/fr\/wp-json\/wp\/v2\/product_tag?post=595966"}],"curies":[{"name":"wp","href":"https:\/\/api.w.org\/{rel}","templated":true}]}}