{"id":595950,"date":"2022-08-10T13:42:15","date_gmt":"2022-08-10T11:42:15","guid":{"rendered":"https:\/\/lucacastelli.com\/prodotto\/montura-gilet-hypnotique-femme\/"},"modified":"2026-03-01T00:24:47","modified_gmt":"2026-02-28T23:24:47","slug":"montura-gilet-hypnotique-femme","status":"publish","type":"product","link":"https:\/\/lucacastelli.com\/fr\/produit\/montura-gilet-hypnotique-femme\/","title":{"rendered":"MONTURA GILET HYPNOTIQUE FEMME"},"content":{"rendered":"<p>&#8211; Gilet \u00e0 capuche pour femme<br \/>\n&#8211; Tissu polaire extensible en nylon et polyester Polartec Power Stretch Pro hautement respirant<br \/>\n&#8211; D\u00e9tails contrast\u00e9s en polaire extensible<br \/>\n&#8211; Fermeture \u00e9clair centrale et poches \u00e0 main zipp\u00e9es<br \/>\n&#8211; Capuche, emmanchures et ourlet \u00e9lastiqu\u00e9s<br \/>\n&#8211; Le v\u00eatement id\u00e9al pour diverses activit\u00e9s de plein air et de loisirs.<\/p>\n","protected":false},"excerpt":{"rendered":"<p>&#8211; Gilet \u00e0 capuche pour femme &#8211; Tissu polaire extensible en nylon et polyester Polartec Power Stretch Pro hautement respirant<\/p>\n","protected":false},"featured_media":79143,"template":"","meta":{"_seopress_robots_primary_cat":"none","_seopress_titles_title":"","_seopress_titles_desc":"","_seopress_robots_index":""},"product_brand":[4393],"product_cat":[21,189,200],"product_tag":[],"class_list":{"0":"post-595950","1":"product","2":"type-product","3":"status-publish","4":"has-post-thumbnail","6":"product_brand-montura","7":"product_cat-abbigliamento","8":"product_cat-abbigliamento-per-il-tempo-libero","9":"product_cat-abbigliamento-da-donna","11":"first","12":"instock","13":"shipping-taxable","14":"purchasable","15":"product-type-variable"},"_links":{"self":[{"href":"https:\/\/lucacastelli.com\/fr\/wp-json\/wp\/v2\/product\/595950","targetHints":{"allow":["GET"]}}],"collection":[{"href":"https:\/\/lucacastelli.com\/fr\/wp-json\/wp\/v2\/product"}],"about":[{"href":"https:\/\/lucacastelli.com\/fr\/wp-json\/wp\/v2\/types\/product"}],"wp:featuredmedia":[{"embeddable":true,"href":"https:\/\/lucacastelli.com\/fr\/wp-json\/wp\/v2\/media\/79143"}],"wp:attachment":[{"href":"https:\/\/lucacastelli.com\/fr\/wp-json\/wp\/v2\/media?parent=595950"}],"wp:term":[{"taxonomy":"product_brand","embeddable":true,"href":"https:\/\/lucacastelli.com\/fr\/wp-json\/wp\/v2\/product_brand?post=595950"},{"taxonomy":"product_cat","embeddable":true,"href":"https:\/\/lucacastelli.com\/fr\/wp-json\/wp\/v2\/product_cat?post=595950"},{"taxonomy":"product_tag","embeddable":true,"href":"https:\/\/lucacastelli.com\/fr\/wp-json\/wp\/v2\/product_tag?post=595950"}],"curies":[{"name":"wp","href":"https:\/\/api.w.org\/{rel}","templated":true}]}}