{"id":595937,"date":"2022-08-10T14:22:24","date_gmt":"2022-08-10T12:22:24","guid":{"rendered":"https:\/\/lucacastelli.com\/prodotto\/montura-remix-fleece-jacket-woman\/"},"modified":"2026-03-01T00:24:55","modified_gmt":"2026-02-28T23:24:55","slug":"montura-remix-fleece-jacket-woman","status":"publish","type":"product","link":"https:\/\/lucacastelli.com\/fr\/produit\/montura-remix-fleece-jacket-woman\/","title":{"rendered":"MONTURA REMIX FLEECE JACKET WOMAN"},"content":{"rendered":"<p>&#8211; Veste \u00e0 capuche pour femme<br \/>\n&#8211; Mati\u00e8re polaire en polyester Polartec\u00ae High Loft\u2122 r\u00e9gulant la temp\u00e9rature<br \/>\n&#8211; D\u00e9tails contrast\u00e9s en polaire extensible<br \/>\n&#8211; Fermeture \u00e0 glissi\u00e8re centrale et poches \u00e0 main zipp\u00e9es<br \/>\n&#8211; Capuche et ourlet \u00e9lastiqu\u00e9s<br \/>\n&#8211; Le v\u00eatement id\u00e9al pour l&#8217;escalade, l&#8217;alpinisme et diverses activit\u00e9s de plein air.<\/p>\n","protected":false},"excerpt":{"rendered":"<p>&#8211; Veste \u00e0 capuche pour femme &#8211; Mati\u00e8re polaire en polyester Polartec\u00ae High Loft\u2122 r\u00e9gulant la temp\u00e9rature &#8211; D\u00e9tails contrast\u00e9s<\/p>\n","protected":false},"featured_media":79175,"template":"","meta":{"_seopress_robots_primary_cat":"","_seopress_titles_title":"","_seopress_titles_desc":"","_seopress_robots_index":""},"product_brand":[4393],"product_cat":[21,189,200],"product_tag":[],"class_list":{"0":"post-595937","1":"product","2":"type-product","3":"status-publish","4":"has-post-thumbnail","6":"product_brand-montura","7":"product_cat-abbigliamento","8":"product_cat-abbigliamento-per-il-tempo-libero","9":"product_cat-abbigliamento-da-donna","10":"sws-gruppo-abb-libero-de","11":"sws-conto-ricavi-merci-rivendita-abbigliamento","12":"sws-gruppo-iva-iva81","14":"first","15":"instock","16":"shipping-taxable","17":"purchasable","18":"product-type-variable"},"_links":{"self":[{"href":"https:\/\/lucacastelli.com\/fr\/wp-json\/wp\/v2\/product\/595937","targetHints":{"allow":["GET"]}}],"collection":[{"href":"https:\/\/lucacastelli.com\/fr\/wp-json\/wp\/v2\/product"}],"about":[{"href":"https:\/\/lucacastelli.com\/fr\/wp-json\/wp\/v2\/types\/product"}],"wp:featuredmedia":[{"embeddable":true,"href":"https:\/\/lucacastelli.com\/fr\/wp-json\/wp\/v2\/media\/79175"}],"wp:attachment":[{"href":"https:\/\/lucacastelli.com\/fr\/wp-json\/wp\/v2\/media?parent=595937"}],"wp:term":[{"taxonomy":"product_brand","embeddable":true,"href":"https:\/\/lucacastelli.com\/fr\/wp-json\/wp\/v2\/product_brand?post=595937"},{"taxonomy":"product_cat","embeddable":true,"href":"https:\/\/lucacastelli.com\/fr\/wp-json\/wp\/v2\/product_cat?post=595937"},{"taxonomy":"product_tag","embeddable":true,"href":"https:\/\/lucacastelli.com\/fr\/wp-json\/wp\/v2\/product_tag?post=595937"}],"curies":[{"name":"wp","href":"https:\/\/api.w.org\/{rel}","templated":true}]}}