{"id":595909,"date":"2022-08-10T13:27:44","date_gmt":"2022-08-10T11:27:44","guid":{"rendered":"https:\/\/lucacastelli.com\/prodotto\/montura-phoenix-anorak-femme\/"},"modified":"2026-03-01T00:24:46","modified_gmt":"2026-02-28T23:24:46","slug":"montura-phoenix-anorak-femme","status":"publish","type":"product","link":"https:\/\/lucacastelli.com\/fr\/produit\/montura-phoenix-anorak-femme\/","title":{"rendered":"MONTURA PHOENIX ANORAK FEMME"},"content":{"rendered":"<p>&#8211; Maillot femme<br \/>\n&#8211; Tissu jersey polyester<br \/>\n&#8211; Fermeture \u00e9clair centrale<br \/>\n&#8211; V\u00eatement id\u00e9al pour les activit\u00e9s de plein air et de loisirs, le fitness et la course \u00e0 pied.<\/p>\n","protected":false},"excerpt":{"rendered":"<p>&#8211; Maillot femme &#8211; Tissu jersey polyester &#8211; Fermeture \u00e9clair centrale &#8211; V\u00eatement id\u00e9al pour les activit\u00e9s de plein air<\/p>\n","protected":false},"featured_media":79104,"template":"","meta":{"_seopress_robots_primary_cat":"","_seopress_titles_title":"","_seopress_titles_desc":"","_seopress_robots_index":""},"product_brand":[4462],"product_cat":[81,981,1387],"product_tag":[],"class_list":{"0":"post-595909","1":"product","2":"type-product","3":"status-publish","4":"has-post-thumbnail","6":"product_brand-montura-fr","7":"product_cat-vetements","8":"product_cat-vetements-de-loisirs","9":"product_cat-vetements-pour-femmes","11":"first","12":"instock","13":"shipping-taxable","14":"purchasable","15":"product-type-variable"},"_links":{"self":[{"href":"https:\/\/lucacastelli.com\/fr\/wp-json\/wp\/v2\/product\/595909","targetHints":{"allow":["GET"]}}],"collection":[{"href":"https:\/\/lucacastelli.com\/fr\/wp-json\/wp\/v2\/product"}],"about":[{"href":"https:\/\/lucacastelli.com\/fr\/wp-json\/wp\/v2\/types\/product"}],"wp:featuredmedia":[{"embeddable":true,"href":"https:\/\/lucacastelli.com\/fr\/wp-json\/wp\/v2\/media\/79104"}],"wp:attachment":[{"href":"https:\/\/lucacastelli.com\/fr\/wp-json\/wp\/v2\/media?parent=595909"}],"wp:term":[{"taxonomy":"product_brand","embeddable":true,"href":"https:\/\/lucacastelli.com\/fr\/wp-json\/wp\/v2\/product_brand?post=595909"},{"taxonomy":"product_cat","embeddable":true,"href":"https:\/\/lucacastelli.com\/fr\/wp-json\/wp\/v2\/product_cat?post=595909"},{"taxonomy":"product_tag","embeddable":true,"href":"https:\/\/lucacastelli.com\/fr\/wp-json\/wp\/v2\/product_tag?post=595909"}],"curies":[{"name":"wp","href":"https:\/\/api.w.org\/{rel}","templated":true}]}}