{"id":595903,"date":"2022-07-11T18:31:06","date_gmt":"2022-07-11T16:31:06","guid":{"rendered":"https:\/\/lucacastelli.com\/prodotto\/montura-summit-cap\/"},"modified":"2026-03-01T00:24:57","modified_gmt":"2026-02-28T23:24:57","slug":"montura-summit-cap","status":"publish","type":"product","link":"https:\/\/lucacastelli.com\/fr\/produit\/montura-summit-cap\/","title":{"rendered":"MONTURA SUMMIT CAP"},"content":{"rendered":"<p>&#8211; Casquette avec visi\u00e8re<br \/>\n&#8211; Tissu 100 % polyester pour une excellente protection contre les UV<br \/>\n&#8211; Dos r\u00e9glable<br \/>\n&#8211; V\u00eatement id\u00e9al pour diverses activit\u00e9s de plein air et de loisirs<\/p>\n","protected":false},"excerpt":{"rendered":"<p>&#8211; Casquette avec visi\u00e8re &#8211; Tissu 100 % polyester pour une excellente protection contre les UV &#8211; Dos r\u00e9glable &#8211;<\/p>\n","protected":false},"featured_media":75792,"template":"","meta":{"_seopress_robots_primary_cat":"","_seopress_titles_title":"","_seopress_titles_desc":"","_seopress_robots_index":""},"product_brand":[4462],"product_cat":[1390,81],"product_tag":[],"class_list":{"0":"post-595903","1":"product","2":"type-product","3":"status-publish","4":"has-post-thumbnail","6":"product_brand-montura-fr","7":"product_cat-accessoires-dhabillement","8":"product_cat-vetements","10":"first","11":"instock","12":"shipping-taxable","13":"purchasable","14":"product-type-variable"},"_links":{"self":[{"href":"https:\/\/lucacastelli.com\/fr\/wp-json\/wp\/v2\/product\/595903","targetHints":{"allow":["GET"]}}],"collection":[{"href":"https:\/\/lucacastelli.com\/fr\/wp-json\/wp\/v2\/product"}],"about":[{"href":"https:\/\/lucacastelli.com\/fr\/wp-json\/wp\/v2\/types\/product"}],"wp:featuredmedia":[{"embeddable":true,"href":"https:\/\/lucacastelli.com\/fr\/wp-json\/wp\/v2\/media\/75792"}],"wp:attachment":[{"href":"https:\/\/lucacastelli.com\/fr\/wp-json\/wp\/v2\/media?parent=595903"}],"wp:term":[{"taxonomy":"product_brand","embeddable":true,"href":"https:\/\/lucacastelli.com\/fr\/wp-json\/wp\/v2\/product_brand?post=595903"},{"taxonomy":"product_cat","embeddable":true,"href":"https:\/\/lucacastelli.com\/fr\/wp-json\/wp\/v2\/product_cat?post=595903"},{"taxonomy":"product_tag","embeddable":true,"href":"https:\/\/lucacastelli.com\/fr\/wp-json\/wp\/v2\/product_tag?post=595903"}],"curies":[{"name":"wp","href":"https:\/\/api.w.org\/{rel}","templated":true}]}}