{"id":595862,"date":"2022-06-18T17:49:24","date_gmt":"2022-06-18T15:49:24","guid":{"rendered":"https:\/\/lucacastelli.com\/prodotto\/montura-pulsar-pantalon-zippe-femme\/"},"modified":"2026-03-01T00:24:57","modified_gmt":"2026-02-28T23:24:57","slug":"montura-pulsar-pantalon-zippe-femme","status":"publish","type":"product","link":"https:\/\/lucacastelli.com\/fr\/produit\/montura-pulsar-pantalon-zippe-femme\/","title":{"rendered":"MONTURA PULSAR PANTALON ZIPP\u00c9 FEMME"},"content":{"rendered":"<p>&#8211; Pantalon femme<br \/>\n&#8211; Tissu nylon extensible avec traitement DWR, structure de tissage \u00e0 double texture et r\u00e9sistance \u00e0 la d\u00e9chirure et \u00e0 l&#8217;abrasion<br \/>\n&#8211; Taille \u00e9lastiqu\u00e9e avec passants de ceinture, bouton et fermeture \u00e9clair<br \/>\n&#8211; Poches ouvertes pour les mains et poche lat\u00e9rale zipp\u00e9e<br \/>\n&#8211; Jambes amovibles zipp\u00e9es<br \/>\n&#8211; Le v\u00eatement id\u00e9al pour diverses activit\u00e9s de plein air et de loisirs.<\/p>\n","protected":false},"excerpt":{"rendered":"<p>&#8211; Pantalon femme &#8211; Tissu nylon extensible avec traitement DWR, structure de tissage \u00e0 double texture et r\u00e9sistance \u00e0 la<\/p>\n","protected":false},"featured_media":70174,"template":"","meta":{"_seopress_robots_primary_cat":"","_seopress_titles_title":"","_seopress_titles_desc":"","_seopress_robots_index":""},"product_brand":[4462],"product_cat":[81,981,1387],"product_tag":[],"class_list":{"0":"post-595862","1":"product","2":"type-product","3":"status-publish","4":"has-post-thumbnail","6":"product_brand-montura-fr","7":"product_cat-vetements","8":"product_cat-vetements-de-loisirs","9":"product_cat-vetements-pour-femmes","10":"sws-gruppo-abb-libero-de","11":"sws-conto-ricavi-merci-rivendita-abbigliamento","12":"sws-gruppo-iva-iva81","14":"first","15":"instock","16":"shipping-taxable","17":"purchasable","18":"product-type-variable"},"_links":{"self":[{"href":"https:\/\/lucacastelli.com\/fr\/wp-json\/wp\/v2\/product\/595862","targetHints":{"allow":["GET"]}}],"collection":[{"href":"https:\/\/lucacastelli.com\/fr\/wp-json\/wp\/v2\/product"}],"about":[{"href":"https:\/\/lucacastelli.com\/fr\/wp-json\/wp\/v2\/types\/product"}],"wp:featuredmedia":[{"embeddable":true,"href":"https:\/\/lucacastelli.com\/fr\/wp-json\/wp\/v2\/media\/70174"}],"wp:attachment":[{"href":"https:\/\/lucacastelli.com\/fr\/wp-json\/wp\/v2\/media?parent=595862"}],"wp:term":[{"taxonomy":"product_brand","embeddable":true,"href":"https:\/\/lucacastelli.com\/fr\/wp-json\/wp\/v2\/product_brand?post=595862"},{"taxonomy":"product_cat","embeddable":true,"href":"https:\/\/lucacastelli.com\/fr\/wp-json\/wp\/v2\/product_cat?post=595862"},{"taxonomy":"product_tag","embeddable":true,"href":"https:\/\/lucacastelli.com\/fr\/wp-json\/wp\/v2\/product_tag?post=595862"}],"curies":[{"name":"wp","href":"https:\/\/api.w.org\/{rel}","templated":true}]}}