{"id":595809,"date":"2022-06-10T05:01:56","date_gmt":"2022-06-10T03:01:56","guid":{"rendered":"https:\/\/lucacastelli.com\/prodotto\/montura-land-zip-camisole-femme\/"},"modified":"2026-03-01T00:24:56","modified_gmt":"2026-02-28T23:24:56","slug":"montura-land-zip-camisole-femme","status":"publish","type":"product","link":"https:\/\/lucacastelli.com\/fr\/produit\/montura-land-zip-camisole-femme\/","title":{"rendered":"MONTURA LAND ZIP CAMISOLE FEMME"},"content":{"rendered":"<p>&#8211; D\u00e9bardeur pour femmes<br \/>\n&#8211; Tissu jersey Deltapeak\u2122 en polyester avec protection UV et propri\u00e9t\u00e9s de s\u00e9chage rapide<br \/>\n&#8211; Devant central avec fermeture \u00e9clair<br \/>\n&#8211; Poche arri\u00e8re avec fermeture \u00e9clair<br \/>\n&#8211; Applications r\u00e9fl\u00e9chissantes pour une meilleure visibilit\u00e9<br \/>\n&#8211; V\u00eatement id\u00e9al pour toutes les utilisations en VTT<br \/>\n&#8211; Poids : 0,08 kg<\/p>\n","protected":false},"excerpt":{"rendered":"<p>&#8211; D\u00e9bardeur pour femmes &#8211; Tissu jersey Deltapeak\u2122 en polyester avec protection UV et propri\u00e9t\u00e9s de s\u00e9chage rapide &#8211; Devant<\/p>\n","protected":false},"featured_media":64107,"template":"","meta":{"_seopress_robots_primary_cat":"","_seopress_titles_title":"","_seopress_titles_desc":"","_seopress_robots_index":""},"product_brand":[4393],"product_cat":[21,189,200],"product_tag":[],"class_list":{"0":"post-595809","1":"product","2":"type-product","3":"status-publish","4":"has-post-thumbnail","6":"product_brand-montura","7":"product_cat-abbigliamento","8":"product_cat-abbigliamento-per-il-tempo-libero","9":"product_cat-abbigliamento-da-donna","11":"first","12":"instock","13":"shipping-taxable","14":"purchasable","15":"product-type-variable"},"_links":{"self":[{"href":"https:\/\/lucacastelli.com\/fr\/wp-json\/wp\/v2\/product\/595809","targetHints":{"allow":["GET"]}}],"collection":[{"href":"https:\/\/lucacastelli.com\/fr\/wp-json\/wp\/v2\/product"}],"about":[{"href":"https:\/\/lucacastelli.com\/fr\/wp-json\/wp\/v2\/types\/product"}],"wp:featuredmedia":[{"embeddable":true,"href":"https:\/\/lucacastelli.com\/fr\/wp-json\/wp\/v2\/media\/64107"}],"wp:attachment":[{"href":"https:\/\/lucacastelli.com\/fr\/wp-json\/wp\/v2\/media?parent=595809"}],"wp:term":[{"taxonomy":"product_brand","embeddable":true,"href":"https:\/\/lucacastelli.com\/fr\/wp-json\/wp\/v2\/product_brand?post=595809"},{"taxonomy":"product_cat","embeddable":true,"href":"https:\/\/lucacastelli.com\/fr\/wp-json\/wp\/v2\/product_cat?post=595809"},{"taxonomy":"product_tag","embeddable":true,"href":"https:\/\/lucacastelli.com\/fr\/wp-json\/wp\/v2\/product_tag?post=595809"}],"curies":[{"name":"wp","href":"https:\/\/api.w.org\/{rel}","templated":true}]}}