{"id":595760,"date":"2023-03-14T11:41:51","date_gmt":"2023-03-14T10:41:51","guid":{"rendered":"https:\/\/lucacastelli.com\/prodotto\/montura-level-up-vest-woman\/"},"modified":"2026-03-01T00:24:54","modified_gmt":"2026-02-28T23:24:54","slug":"montura-level-up-vest-woman","status":"publish","type":"product","link":"https:\/\/lucacastelli.com\/fr\/produit\/montura-level-up-vest-woman\/","title":{"rendered":"MONTURA LEVEL UP VEST WOMAN"},"content":{"rendered":"<p>&#8211; Gilet pour femme<br \/>\n&#8211; Tissu en nylon DWR avec double ripstop micro-structur\u00e9 imperm\u00e9able et coupe-vent<br \/>\n&#8211; Tissu en maille contrast\u00e9e<br \/>\n&#8211; Devant central avec fermeture \u00e9clair<br \/>\n&#8211; Double poche arri\u00e8re ouverte termin\u00e9e par un \u00e9lastique<br \/>\n&#8211; Poche arri\u00e8re avec fermeture \u00e9clair<br \/>\n&#8211; Emmanchures et ourlet termin\u00e9s par un \u00e9lastique<br \/>\n&#8211; V\u00eatement id\u00e9al pour diverses activit\u00e9s de plein air, le fitness, la course \u00e0 pied et les loisirs.<\/p>\n","protected":false},"excerpt":{"rendered":"<p>&#8211; Gilet pour femme &#8211; Tissu en nylon DWR avec double ripstop micro-structur\u00e9 imperm\u00e9able et coupe-vent &#8211; Tissu en maille<\/p>\n","protected":false},"featured_media":87130,"template":"","meta":{"_seopress_robots_primary_cat":"","_seopress_titles_title":"","_seopress_titles_desc":"","_seopress_robots_index":""},"product_brand":[4462],"product_cat":[81,981,1387],"product_tag":[],"class_list":{"0":"post-595760","1":"product","2":"type-product","3":"status-publish","4":"has-post-thumbnail","6":"product_brand-montura-fr","7":"product_cat-vetements","8":"product_cat-vetements-de-loisirs","9":"product_cat-vetements-pour-femmes","11":"first","12":"instock","13":"shipping-taxable","14":"purchasable","15":"product-type-variable"},"_links":{"self":[{"href":"https:\/\/lucacastelli.com\/fr\/wp-json\/wp\/v2\/product\/595760","targetHints":{"allow":["GET"]}}],"collection":[{"href":"https:\/\/lucacastelli.com\/fr\/wp-json\/wp\/v2\/product"}],"about":[{"href":"https:\/\/lucacastelli.com\/fr\/wp-json\/wp\/v2\/types\/product"}],"wp:featuredmedia":[{"embeddable":true,"href":"https:\/\/lucacastelli.com\/fr\/wp-json\/wp\/v2\/media\/87130"}],"wp:attachment":[{"href":"https:\/\/lucacastelli.com\/fr\/wp-json\/wp\/v2\/media?parent=595760"}],"wp:term":[{"taxonomy":"product_brand","embeddable":true,"href":"https:\/\/lucacastelli.com\/fr\/wp-json\/wp\/v2\/product_brand?post=595760"},{"taxonomy":"product_cat","embeddable":true,"href":"https:\/\/lucacastelli.com\/fr\/wp-json\/wp\/v2\/product_cat?post=595760"},{"taxonomy":"product_tag","embeddable":true,"href":"https:\/\/lucacastelli.com\/fr\/wp-json\/wp\/v2\/product_tag?post=595760"}],"curies":[{"name":"wp","href":"https:\/\/api.w.org\/{rel}","templated":true}]}}