{"id":595732,"date":"2023-02-23T10:11:09","date_gmt":"2023-02-23T09:11:09","guid":{"rendered":"https:\/\/lucacastelli.com\/prodotto\/montura-nevis-2-0-jacket-kids\/"},"modified":"2026-01-31T00:02:30","modified_gmt":"2026-01-30T23:02:30","slug":"montura-nevis-2-0-jacket-kids","status":"publish","type":"product","link":"https:\/\/lucacastelli.com\/fr\/produit\/montura-nevis-2-0-jacket-kids\/","title":{"rendered":"MONTURA NEVIS 2.0 JACKET KIDS"},"content":{"rendered":"<p>&#8211; Veste matelass\u00e9e pour enfants avec capuche<br \/>\n&#8211; Tissu en nylon Cordura\u00ae DWR avec construction double-ripstop<br \/>\n&#8211; Doublure en tissu nylon DWR<br \/>\n&#8211; Devant et dos avec isolation Primaloft\u00ae Gold 130gr polyester synth\u00e9tique<br \/>\n&#8211; C\u00f4t\u00e9s, dos et manches avec Primaloft\u00ae Gold 100gr<br \/>\n&#8211; Int\u00e9rieur en tissu thermique double polaire polyester<br \/>\n&#8211; Centre avant avec fermeture \u00e9clair, poches repose-mains avec fermeture \u00e9clair, poche int\u00e9rieure avec fermeture \u00e9clair<br \/>\n&#8211; Capuche avec visi\u00e8re et bande frontale ajust\u00e9e termin\u00e9e par un \u00e9lastique<br \/>\n&#8211; Poignets et ourlet termin\u00e9s par un \u00e9lastique<br \/>\n&#8211; Ourlet avec r\u00e9glage<br \/>\n&#8211; Applications r\u00e9fl\u00e9chissantes pour une meilleure visibilit\u00e9<br \/>\n&#8211; V\u00eatement id\u00e9al pour diverses activit\u00e9s de plein air et de loisir<\/p>\n","protected":false},"excerpt":{"rendered":"<p>&#8211; Veste matelass\u00e9e pour enfants avec capuche &#8211; Tissu en nylon Cordura\u00ae DWR avec construction double-ripstop &#8211; Doublure en tissu<\/p>\n","protected":false},"featured_media":86327,"template":"","meta":{"_seopress_robots_primary_cat":"","_seopress_titles_title":"","_seopress_titles_desc":"","_seopress_robots_index":""},"product_brand":[4462],"product_cat":[81,981,1384],"product_tag":[],"class_list":{"0":"post-595732","1":"product","2":"type-product","3":"status-publish","4":"has-post-thumbnail","6":"product_brand-montura-fr","7":"product_cat-vetements","8":"product_cat-vetements-de-loisirs","9":"product_cat-vetements-pour-enfants","10":"sws-gruppo-abb-libero-fr","11":"sws-categoria-sito-fr","12":"sws-conto-ricavi-merci-rivendita-abbigliamento-fr","13":"sws-gruppo-iva-iva81-fr","15":"first","16":"instock","17":"shipping-taxable","18":"purchasable","19":"product-type-variable"},"_links":{"self":[{"href":"https:\/\/lucacastelli.com\/fr\/wp-json\/wp\/v2\/product\/595732","targetHints":{"allow":["GET"]}}],"collection":[{"href":"https:\/\/lucacastelli.com\/fr\/wp-json\/wp\/v2\/product"}],"about":[{"href":"https:\/\/lucacastelli.com\/fr\/wp-json\/wp\/v2\/types\/product"}],"wp:featuredmedia":[{"embeddable":true,"href":"https:\/\/lucacastelli.com\/fr\/wp-json\/wp\/v2\/media\/86327"}],"wp:attachment":[{"href":"https:\/\/lucacastelli.com\/fr\/wp-json\/wp\/v2\/media?parent=595732"}],"wp:term":[{"taxonomy":"product_brand","embeddable":true,"href":"https:\/\/lucacastelli.com\/fr\/wp-json\/wp\/v2\/product_brand?post=595732"},{"taxonomy":"product_cat","embeddable":true,"href":"https:\/\/lucacastelli.com\/fr\/wp-json\/wp\/v2\/product_cat?post=595732"},{"taxonomy":"product_tag","embeddable":true,"href":"https:\/\/lucacastelli.com\/fr\/wp-json\/wp\/v2\/product_tag?post=595732"}],"curies":[{"name":"wp","href":"https:\/\/api.w.org\/{rel}","templated":true}]}}