{"id":595694,"date":"2022-12-30T18:08:06","date_gmt":"2022-12-30T17:08:06","guid":{"rendered":"https:\/\/lucacastelli.com\/prodotto\/montura-118-evo-light-pant\/"},"modified":"2026-03-01T00:24:58","modified_gmt":"2026-02-28T23:24:58","slug":"montura-118-evo-light-pant","status":"publish","type":"product","link":"https:\/\/lucacastelli.com\/fr\/produit\/montura-118-evo-light-pant\/","title":{"rendered":"MONTURA 118 EVO LIGHT PANT"},"content":{"rendered":"<p>&#8211; Pantalon long unisexe<br \/>\n&#8211; Tissu nylon DWR extensible dans les 4 sens<br \/>\n&#8211; Pi\u00e8ce pr\u00e9form\u00e9e au genou en tissu DWR extensible dans les 4 sens avec construction \u00e0 double tissage ; confortable et r\u00e9sistant \u00e0 l&#8217;usure, il est anti-d\u00e9chirure<br \/>\n&#8211; Genouill\u00e8re rembourr\u00e9e en feutre<br \/>\n&#8211; Bandes r\u00e9fl\u00e9chissantes segment\u00e9es<br \/>\n&#8211; Ceinture avec \u00e9lastique et passants, ouverture par bouton, zip et velcro<br \/>\n&#8211; Poches mains zipp\u00e9es, poches hanches zipp\u00e9es, poches mollets zipp\u00e9es, poche arri\u00e8re zipp\u00e9e<br \/>\n&#8211; Con\u00e7u pour toutes les situations d&#8217;urgence (terrestres ou h\u00e9licopt\u00e8res).<\/p>\n","protected":false},"excerpt":{"rendered":"<p>&#8211; Pantalon long unisexe &#8211; Tissu nylon DWR extensible dans les 4 sens &#8211; Pi\u00e8ce pr\u00e9form\u00e9e au genou en tissu<\/p>\n","protected":false},"featured_media":44106,"template":"","meta":{"_seopress_robots_primary_cat":"","_seopress_titles_title":"","_seopress_titles_desc":"","_seopress_robots_index":""},"product_brand":[4462],"product_cat":[81,1381],"product_tag":[],"class_list":{"0":"post-595694","1":"product","2":"type-product","3":"status-publish","4":"has-post-thumbnail","6":"product_brand-montura-fr","7":"product_cat-vetements","8":"product_cat-vetements-de-travail","10":"first","11":"instock","12":"shipping-taxable","13":"purchasable","14":"product-type-variable"},"_links":{"self":[{"href":"https:\/\/lucacastelli.com\/fr\/wp-json\/wp\/v2\/product\/595694","targetHints":{"allow":["GET"]}}],"collection":[{"href":"https:\/\/lucacastelli.com\/fr\/wp-json\/wp\/v2\/product"}],"about":[{"href":"https:\/\/lucacastelli.com\/fr\/wp-json\/wp\/v2\/types\/product"}],"wp:featuredmedia":[{"embeddable":true,"href":"https:\/\/lucacastelli.com\/fr\/wp-json\/wp\/v2\/media\/44106"}],"wp:attachment":[{"href":"https:\/\/lucacastelli.com\/fr\/wp-json\/wp\/v2\/media?parent=595694"}],"wp:term":[{"taxonomy":"product_brand","embeddable":true,"href":"https:\/\/lucacastelli.com\/fr\/wp-json\/wp\/v2\/product_brand?post=595694"},{"taxonomy":"product_cat","embeddable":true,"href":"https:\/\/lucacastelli.com\/fr\/wp-json\/wp\/v2\/product_cat?post=595694"},{"taxonomy":"product_tag","embeddable":true,"href":"https:\/\/lucacastelli.com\/fr\/wp-json\/wp\/v2\/product_tag?post=595694"}],"curies":[{"name":"wp","href":"https:\/\/api.w.org\/{rel}","templated":true}]}}