{"id":595674,"date":"2022-12-15T10:16:01","date_gmt":"2022-12-15T09:16:01","guid":{"rendered":"https:\/\/lucacastelli.com\/prodotto\/veste-montura-polar-pro-2\/"},"modified":"2026-03-01T00:24:46","modified_gmt":"2026-02-28T23:24:46","slug":"veste-montura-polar-pro-2","status":"publish","type":"product","link":"https:\/\/lucacastelli.com\/fr\/produit\/veste-montura-polar-pro-2\/","title":{"rendered":"VESTE MONTURA POLAR PRO 2"},"content":{"rendered":"<p>&#8211; Veste pour homme<br \/>\n&#8211; Tissu double polaire en polyester thermique<br \/>\n&#8211; Tissu polaire stretch contrast\u00e9<br \/>\n&#8211; Empi\u00e8cements aux coudes et aux \u00e9paules en tissu nylon stretch DWR<br \/>\n&#8211; Partiellement doubl\u00e9e en tissu polaire<br \/>\n&#8211; Fermeture \u00e0 glissi\u00e8re sur le devant, poches zipp\u00e9es pour les mains, poche zipp\u00e9e sur la poitrine<br \/>\n&#8211; V\u00eatement id\u00e9al pour diverses activit\u00e9s de plein air et de loisir par temps froid.<\/p>\n","protected":false},"excerpt":{"rendered":"<p>&#8211; Veste pour homme &#8211; Tissu double polaire en polyester thermique &#8211; Tissu polaire stretch contrast\u00e9 &#8211; Empi\u00e8cements aux coudes<\/p>\n","protected":false},"featured_media":85088,"template":"","meta":{"_seopress_robots_primary_cat":"","_seopress_titles_title":"","_seopress_titles_desc":"","_seopress_robots_index":""},"product_brand":[4462],"product_cat":[81,981,982],"product_tag":[],"class_list":{"0":"post-595674","1":"product","2":"type-product","3":"status-publish","4":"has-post-thumbnail","6":"product_brand-montura-fr","7":"product_cat-vetements","8":"product_cat-vetements-de-loisirs","9":"product_cat-vetements-pour-hommes","10":"sws-gruppo-abb-libero-de","11":"sws-conto-ricavi-merci-rivendita-abbigliamento","12":"sws-gruppo-iva-iva81","14":"first","15":"instock","16":"shipping-taxable","17":"purchasable","18":"product-type-variable"},"_links":{"self":[{"href":"https:\/\/lucacastelli.com\/fr\/wp-json\/wp\/v2\/product\/595674","targetHints":{"allow":["GET"]}}],"collection":[{"href":"https:\/\/lucacastelli.com\/fr\/wp-json\/wp\/v2\/product"}],"about":[{"href":"https:\/\/lucacastelli.com\/fr\/wp-json\/wp\/v2\/types\/product"}],"wp:featuredmedia":[{"embeddable":true,"href":"https:\/\/lucacastelli.com\/fr\/wp-json\/wp\/v2\/media\/85088"}],"wp:attachment":[{"href":"https:\/\/lucacastelli.com\/fr\/wp-json\/wp\/v2\/media?parent=595674"}],"wp:term":[{"taxonomy":"product_brand","embeddable":true,"href":"https:\/\/lucacastelli.com\/fr\/wp-json\/wp\/v2\/product_brand?post=595674"},{"taxonomy":"product_cat","embeddable":true,"href":"https:\/\/lucacastelli.com\/fr\/wp-json\/wp\/v2\/product_cat?post=595674"},{"taxonomy":"product_tag","embeddable":true,"href":"https:\/\/lucacastelli.com\/fr\/wp-json\/wp\/v2\/product_tag?post=595674"}],"curies":[{"name":"wp","href":"https:\/\/api.w.org\/{rel}","templated":true}]}}