{"id":595661,"date":"2022-12-07T10:47:37","date_gmt":"2022-12-07T09:47:37","guid":{"rendered":"https:\/\/lucacastelli.com\/prodotto\/montura-fusion-band\/"},"modified":"2022-12-07T10:47:37","modified_gmt":"2022-12-07T09:47:37","slug":"montura-fusion-band","status":"publish","type":"product","link":"https:\/\/lucacastelli.com\/fr\/produit\/montura-fusion-band\/","title":{"rendered":"MONTURA FUSION BAND"},"content":{"rendered":"<p>&#8211; Bandeau unisexe<br \/>\n&#8211; Tissu jersey extensible en polyester haute densit\u00e9, respirant et offrant une protection \u00e9lev\u00e9e contre les UV.<br \/>\n&#8211; V\u00eatement id\u00e9al pour diverses activit\u00e9s de plein air, le fitness, la course \u00e0 pied et les loisirs.<\/p>\n","protected":false},"excerpt":{"rendered":"<p>&#8211; Bandeau unisexe &#8211; Tissu jersey extensible en polyester haute densit\u00e9, respirant et offrant une protection \u00e9lev\u00e9e contre les UV.<\/p>\n","protected":false},"featured_media":84871,"template":"","meta":{"_seopress_robots_primary_cat":"","_seopress_titles_title":"","_seopress_titles_desc":"","_seopress_robots_index":""},"product_brand":[4462],"product_cat":[1390,81],"product_tag":[],"class_list":{"0":"post-595661","1":"product","2":"type-product","3":"status-publish","4":"has-post-thumbnail","6":"product_brand-montura-fr","7":"product_cat-accessoires-dhabillement","8":"product_cat-vetements","10":"first","11":"instock","12":"shipping-taxable","13":"purchasable","14":"product-type-variable"},"_links":{"self":[{"href":"https:\/\/lucacastelli.com\/fr\/wp-json\/wp\/v2\/product\/595661","targetHints":{"allow":["GET"]}}],"collection":[{"href":"https:\/\/lucacastelli.com\/fr\/wp-json\/wp\/v2\/product"}],"about":[{"href":"https:\/\/lucacastelli.com\/fr\/wp-json\/wp\/v2\/types\/product"}],"wp:featuredmedia":[{"embeddable":true,"href":"https:\/\/lucacastelli.com\/fr\/wp-json\/wp\/v2\/media\/84871"}],"wp:attachment":[{"href":"https:\/\/lucacastelli.com\/fr\/wp-json\/wp\/v2\/media?parent=595661"}],"wp:term":[{"taxonomy":"product_brand","embeddable":true,"href":"https:\/\/lucacastelli.com\/fr\/wp-json\/wp\/v2\/product_brand?post=595661"},{"taxonomy":"product_cat","embeddable":true,"href":"https:\/\/lucacastelli.com\/fr\/wp-json\/wp\/v2\/product_cat?post=595661"},{"taxonomy":"product_tag","embeddable":true,"href":"https:\/\/lucacastelli.com\/fr\/wp-json\/wp\/v2\/product_tag?post=595661"}],"curies":[{"name":"wp","href":"https:\/\/api.w.org\/{rel}","templated":true}]}}