{"id":595653,"date":"2022-12-07T12:16:40","date_gmt":"2022-12-07T11:16:40","guid":{"rendered":"https:\/\/lucacastelli.com\/prodotto\/montura-alpha-band-kids\/"},"modified":"2022-12-07T12:16:40","modified_gmt":"2022-12-07T11:16:40","slug":"montura-alpha-band-kids","status":"publish","type":"product","link":"https:\/\/lucacastelli.com\/fr\/produit\/montura-alpha-band-kids\/","title":{"rendered":"MONTURA ALPHA BAND KIDS"},"content":{"rendered":"<p>&#8211; Bandeau pour enfants<br \/>\n&#8211; Tissu jersey extensible en nylon et lycra avec protection UV \u00e9lev\u00e9e et propri\u00e9t\u00e9s de s\u00e9chage rapide<br \/>\n&#8211; Rembourrage Polartec Alpha Direct 100 % polyester<br \/>\n&#8211; V\u00eatement id\u00e9al pour diverses activit\u00e9s de plein air et de loisirs<\/p>\n","protected":false},"excerpt":{"rendered":"<p>&#8211; Bandeau pour enfants &#8211; Tissu jersey extensible en nylon et lycra avec protection UV \u00e9lev\u00e9e et propri\u00e9t\u00e9s de s\u00e9chage<\/p>\n","protected":false},"featured_media":84885,"template":"","meta":{"_seopress_robots_primary_cat":"","_seopress_titles_title":"","_seopress_titles_desc":"","_seopress_robots_index":""},"product_brand":[4393],"product_cat":[21,189,685],"product_tag":[],"class_list":{"0":"post-595653","1":"product","2":"type-product","3":"status-publish","4":"has-post-thumbnail","6":"product_brand-montura","7":"product_cat-abbigliamento","8":"product_cat-abbigliamento-per-il-tempo-libero","9":"product_cat-abbigliamento-da-bambino","11":"first","12":"instock","13":"shipping-taxable","14":"purchasable","15":"product-type-variable"},"_links":{"self":[{"href":"https:\/\/lucacastelli.com\/fr\/wp-json\/wp\/v2\/product\/595653","targetHints":{"allow":["GET"]}}],"collection":[{"href":"https:\/\/lucacastelli.com\/fr\/wp-json\/wp\/v2\/product"}],"about":[{"href":"https:\/\/lucacastelli.com\/fr\/wp-json\/wp\/v2\/types\/product"}],"wp:featuredmedia":[{"embeddable":true,"href":"https:\/\/lucacastelli.com\/fr\/wp-json\/wp\/v2\/media\/84885"}],"wp:attachment":[{"href":"https:\/\/lucacastelli.com\/fr\/wp-json\/wp\/v2\/media?parent=595653"}],"wp:term":[{"taxonomy":"product_brand","embeddable":true,"href":"https:\/\/lucacastelli.com\/fr\/wp-json\/wp\/v2\/product_brand?post=595653"},{"taxonomy":"product_cat","embeddable":true,"href":"https:\/\/lucacastelli.com\/fr\/wp-json\/wp\/v2\/product_cat?post=595653"},{"taxonomy":"product_tag","embeddable":true,"href":"https:\/\/lucacastelli.com\/fr\/wp-json\/wp\/v2\/product_tag?post=595653"}],"curies":[{"name":"wp","href":"https:\/\/api.w.org\/{rel}","templated":true}]}}