{"id":595559,"date":"2024-05-13T13:30:31","date_gmt":"2024-05-13T11:30:31","guid":{"rendered":"https:\/\/lucacastelli.com\/prodotto\/montura-monte-2-jacket\/"},"modified":"2026-03-01T00:24:58","modified_gmt":"2026-02-28T23:24:58","slug":"montura-monte-2-jacket","status":"publish","type":"product","link":"https:\/\/lucacastelli.com\/fr\/produit\/montura-monte-2-jacket\/","title":{"rendered":"Montura Monte 2 Jacket"},"content":{"rendered":"<p>&#8211; Veste imperm\u00e9able \u00e0 capuche pour homme<br \/>\n&#8211; Tissu polyester extensible 3 couches avec traitement DWR coll\u00e9 \u00e0 un fin tricot nylon avec membrane 20K\/15K caract\u00e9ris\u00e9e par une haute r\u00e9sistance m\u00e9canique<br \/>\n&#8211; Fermeture \u00e0 glissi\u00e8re centrale bidirectionnelle<br \/>\n&#8211; Poches mains zipp\u00e9es<br \/>\n&#8211; Poche poitrine zipp\u00e9e<br \/>\n&#8211; Poche int\u00e9rieure zipp\u00e9e<br \/>\n&#8211; Capuche avec visi\u00e8re et \u00e9troite bande \u00e9lastique \u00e0 l&#8217;avant. Dos r\u00e9glable<br \/>\n&#8211; Poignets r\u00e9glables par velcro<br \/>\n&#8211; Ourlet r\u00e9glable<br \/>\n&#8211; \u00c9l\u00e9ments r\u00e9fl\u00e9chissants pour une meilleure visibilit\u00e9 <\/p>\n","protected":false},"excerpt":{"rendered":"<p>&#8211; Veste imperm\u00e9able \u00e0 capuche pour homme &#8211; Tissu polyester extensible 3 couches avec traitement DWR coll\u00e9 \u00e0 un fin<\/p>\n","protected":false},"featured_media":49185,"template":"","meta":{"_seopress_robots_primary_cat":"","_seopress_titles_title":"","_seopress_titles_desc":"","_seopress_robots_index":""},"product_brand":[4462],"product_cat":[81,1381],"product_tag":[],"class_list":{"0":"post-595559","1":"product","2":"type-product","3":"status-publish","4":"has-post-thumbnail","6":"product_brand-montura-fr","7":"product_cat-vetements","8":"product_cat-vetements-de-travail","9":"sws-gruppo-abb-libero","10":"sws-categoria-sito","11":"sws-conto-ricavi-merci-rivendita-abbigliamento","12":"sws-gruppo-iva-iva81","14":"first","15":"instock","16":"shipping-taxable","17":"purchasable","18":"product-type-variable"},"_links":{"self":[{"href":"https:\/\/lucacastelli.com\/fr\/wp-json\/wp\/v2\/product\/595559","targetHints":{"allow":["GET"]}}],"collection":[{"href":"https:\/\/lucacastelli.com\/fr\/wp-json\/wp\/v2\/product"}],"about":[{"href":"https:\/\/lucacastelli.com\/fr\/wp-json\/wp\/v2\/types\/product"}],"wp:featuredmedia":[{"embeddable":true,"href":"https:\/\/lucacastelli.com\/fr\/wp-json\/wp\/v2\/media\/49185"}],"wp:attachment":[{"href":"https:\/\/lucacastelli.com\/fr\/wp-json\/wp\/v2\/media?parent=595559"}],"wp:term":[{"taxonomy":"product_brand","embeddable":true,"href":"https:\/\/lucacastelli.com\/fr\/wp-json\/wp\/v2\/product_brand?post=595559"},{"taxonomy":"product_cat","embeddable":true,"href":"https:\/\/lucacastelli.com\/fr\/wp-json\/wp\/v2\/product_cat?post=595559"},{"taxonomy":"product_tag","embeddable":true,"href":"https:\/\/lucacastelli.com\/fr\/wp-json\/wp\/v2\/product_tag?post=595559"}],"curies":[{"name":"wp","href":"https:\/\/api.w.org\/{rel}","templated":true}]}}