{"id":595543,"date":"2024-03-24T08:57:40","date_gmt":"2024-03-24T07:57:40","guid":{"rendered":"https:\/\/lucacastelli.com\/prodotto\/montura-mountain-fast-pant-woman\/"},"modified":"2026-03-01T00:24:40","modified_gmt":"2026-02-28T23:24:40","slug":"montura-mountain-fast-pant-woman","status":"publish","type":"product","link":"https:\/\/lucacastelli.com\/fr\/produit\/montura-mountain-fast-pant-woman\/","title":{"rendered":"MONTURA MOUNTAIN FAST PANT WOMAN"},"content":{"rendered":"<p>&#8211; Pantalon femme<br \/>\n&#8211; Nylon stretch 4 directions avec traitement DWR<br \/>\n&#8211; Patchs genoux en nylon stretch avec r\u00e9sistance \u00e0 la d\u00e9chirure et \u00e0 l&#8217;abrasion<br \/>\n&#8211; Doublure partielle en mesh<br \/>\n&#8211; Taille \u00e9lastiqu\u00e9e<br \/>\n&#8211; Poches mains zipp\u00e9es<br \/>\n&#8211; Ourlet ajustable avec soufflets zipp\u00e9s<br \/>\n&#8211; Ourlet \u00e9lastiqu\u00e9<br \/>\n&#8211; V\u00eatement id\u00e9al pour l&#8217;escalade, l&#8217;alpinisme et diverses activit\u00e9s de plein air.<\/p>\n","protected":false},"excerpt":{"rendered":"<p>&#8211; Pantalon femme &#8211; Nylon stretch 4 directions avec traitement DWR &#8211; Patchs genoux en nylon stretch avec r\u00e9sistance \u00e0<\/p>\n","protected":false},"featured_media":99188,"template":"","meta":{"_seopress_robots_primary_cat":"","_seopress_titles_title":"","_seopress_titles_desc":"","_seopress_robots_index":""},"product_brand":[4462],"product_cat":[81,981,1387],"product_tag":[],"class_list":{"0":"post-595543","1":"product","2":"type-product","3":"status-publish","4":"has-post-thumbnail","6":"product_brand-montura-fr","7":"product_cat-vetements","8":"product_cat-vetements-de-loisirs","9":"product_cat-vetements-pour-femmes","11":"first","12":"instock","13":"shipping-taxable","14":"purchasable","15":"product-type-variable"},"_links":{"self":[{"href":"https:\/\/lucacastelli.com\/fr\/wp-json\/wp\/v2\/product\/595543","targetHints":{"allow":["GET"]}}],"collection":[{"href":"https:\/\/lucacastelli.com\/fr\/wp-json\/wp\/v2\/product"}],"about":[{"href":"https:\/\/lucacastelli.com\/fr\/wp-json\/wp\/v2\/types\/product"}],"wp:featuredmedia":[{"embeddable":true,"href":"https:\/\/lucacastelli.com\/fr\/wp-json\/wp\/v2\/media\/99188"}],"wp:attachment":[{"href":"https:\/\/lucacastelli.com\/fr\/wp-json\/wp\/v2\/media?parent=595543"}],"wp:term":[{"taxonomy":"product_brand","embeddable":true,"href":"https:\/\/lucacastelli.com\/fr\/wp-json\/wp\/v2\/product_brand?post=595543"},{"taxonomy":"product_cat","embeddable":true,"href":"https:\/\/lucacastelli.com\/fr\/wp-json\/wp\/v2\/product_cat?post=595543"},{"taxonomy":"product_tag","embeddable":true,"href":"https:\/\/lucacastelli.com\/fr\/wp-json\/wp\/v2\/product_tag?post=595543"}],"curies":[{"name":"wp","href":"https:\/\/api.w.org\/{rel}","templated":true}]}}