{"id":595515,"date":"2024-03-24T08:55:06","date_gmt":"2024-03-24T07:55:06","guid":{"rendered":"https:\/\/lucacastelli.com\/prodotto\/montura-veste-spitze-femme\/"},"modified":"2026-03-01T00:24:39","modified_gmt":"2026-02-28T23:24:39","slug":"montura-veste-spitze-femme","status":"publish","type":"product","link":"https:\/\/lucacastelli.com\/fr\/produit\/montura-veste-spitze-femme\/","title":{"rendered":"MONTURA VESTE SPITZE FEMME"},"content":{"rendered":"<p>&#8211; Veste femme<br \/>\n&#8211; Nylon extensible dans les 4 sens avec traitement DWR<br \/>\n&#8211; \u00c9paules et coudi\u00e8res en nylon extensible dans les 4 sens avec traitement DWR et rev\u00eatement en polym\u00e8re r\u00e9sistant \u00e0 l&#8217;abrasion<br \/>\n&#8211; Fermeture \u00e0 glissi\u00e8re centrale, poches pour les mains et poche poitrine avec fermeture \u00e0 glissi\u00e8re<br \/>\n&#8211; Ourlet \u00e9lastiqu\u00e9<br \/>\n&#8211; Le v\u00eatement id\u00e9al pour l&#8217;escalade, l&#8217;alpinisme et diverses activit\u00e9s de plein air.<\/p>\n","protected":false},"excerpt":{"rendered":"<p>&#8211; Veste femme &#8211; Nylon extensible dans les 4 sens avec traitement DWR &#8211; \u00c9paules et coudi\u00e8res en nylon extensible<\/p>\n","protected":false},"featured_media":99176,"template":"","meta":{"_seopress_robots_primary_cat":"","_seopress_titles_title":"","_seopress_titles_desc":"","_seopress_robots_index":""},"product_brand":[4462],"product_cat":[81,981,1387],"product_tag":[],"class_list":{"0":"post-595515","1":"product","2":"type-product","3":"status-publish","4":"has-post-thumbnail","6":"product_brand-montura-fr","7":"product_cat-vetements","8":"product_cat-vetements-de-loisirs","9":"product_cat-vetements-pour-femmes","10":"sws-gruppo-abb-libero","11":"sws-categoria-sito","12":"sws-conto-ricavi-merci-rivendita-abbigliamento","13":"sws-gruppo-iva-iva81","15":"first","16":"instock","17":"shipping-taxable","18":"purchasable","19":"product-type-variable"},"_links":{"self":[{"href":"https:\/\/lucacastelli.com\/fr\/wp-json\/wp\/v2\/product\/595515","targetHints":{"allow":["GET"]}}],"collection":[{"href":"https:\/\/lucacastelli.com\/fr\/wp-json\/wp\/v2\/product"}],"about":[{"href":"https:\/\/lucacastelli.com\/fr\/wp-json\/wp\/v2\/types\/product"}],"wp:featuredmedia":[{"embeddable":true,"href":"https:\/\/lucacastelli.com\/fr\/wp-json\/wp\/v2\/media\/99176"}],"wp:attachment":[{"href":"https:\/\/lucacastelli.com\/fr\/wp-json\/wp\/v2\/media?parent=595515"}],"wp:term":[{"taxonomy":"product_brand","embeddable":true,"href":"https:\/\/lucacastelli.com\/fr\/wp-json\/wp\/v2\/product_brand?post=595515"},{"taxonomy":"product_cat","embeddable":true,"href":"https:\/\/lucacastelli.com\/fr\/wp-json\/wp\/v2\/product_cat?post=595515"},{"taxonomy":"product_tag","embeddable":true,"href":"https:\/\/lucacastelli.com\/fr\/wp-json\/wp\/v2\/product_tag?post=595515"}],"curies":[{"name":"wp","href":"https:\/\/api.w.org\/{rel}","templated":true}]}}