{"id":595490,"date":"2024-03-24T08:38:19","date_gmt":"2024-03-24T07:38:19","guid":{"rendered":"https:\/\/lucacastelli.com\/prodotto\/montura-shadow-bermuda-femme\/"},"modified":"2026-03-01T00:24:38","modified_gmt":"2026-02-28T23:24:38","slug":"montura-shadow-bermuda-femme","status":"publish","type":"product","link":"https:\/\/lucacastelli.com\/fr\/produit\/montura-shadow-bermuda-femme\/","title":{"rendered":"MONTURA SHADOW BERMUDA FEMME"},"content":{"rendered":"<p>&#8211; Bermuda pour femme<br \/>\n&#8211; Tissu en nylon extensible avec traitement DWR<br \/>\n&#8211; Taille \u00e9lastiqu\u00e9e avec cordon de serrage r\u00e9glable<br \/>\n&#8211; Poches pour les mains et poche arri\u00e8re zipp\u00e9e<br \/>\n&#8211; Poches arri\u00e8re ouvertes<br \/>\n&#8211; Ourlet \u00e0 finition adh\u00e9sive<br \/>\n&#8211; V\u00eatement id\u00e9al pour la course \u00e0 pied et diverses activit\u00e9s a\u00e9robiques<\/p>\n","protected":false},"excerpt":{"rendered":"<p>&#8211; Bermuda pour femme &#8211; Tissu en nylon extensible avec traitement DWR &#8211; Taille \u00e9lastiqu\u00e9e avec cordon de serrage r\u00e9glable<\/p>\n","protected":false},"featured_media":99155,"template":"","meta":{"_seopress_robots_primary_cat":"","_seopress_titles_title":"","_seopress_titles_desc":"","_seopress_robots_index":""},"product_brand":[4462],"product_cat":[81,981,1387],"product_tag":[],"class_list":{"0":"post-595490","1":"product","2":"type-product","3":"status-publish","4":"has-post-thumbnail","6":"product_brand-montura-fr","7":"product_cat-vetements","8":"product_cat-vetements-de-loisirs","9":"product_cat-vetements-pour-femmes","11":"first","12":"instock","13":"shipping-taxable","14":"purchasable","15":"product-type-variable"},"_links":{"self":[{"href":"https:\/\/lucacastelli.com\/fr\/wp-json\/wp\/v2\/product\/595490","targetHints":{"allow":["GET"]}}],"collection":[{"href":"https:\/\/lucacastelli.com\/fr\/wp-json\/wp\/v2\/product"}],"about":[{"href":"https:\/\/lucacastelli.com\/fr\/wp-json\/wp\/v2\/types\/product"}],"wp:featuredmedia":[{"embeddable":true,"href":"https:\/\/lucacastelli.com\/fr\/wp-json\/wp\/v2\/media\/99155"}],"wp:attachment":[{"href":"https:\/\/lucacastelli.com\/fr\/wp-json\/wp\/v2\/media?parent=595490"}],"wp:term":[{"taxonomy":"product_brand","embeddable":true,"href":"https:\/\/lucacastelli.com\/fr\/wp-json\/wp\/v2\/product_brand?post=595490"},{"taxonomy":"product_cat","embeddable":true,"href":"https:\/\/lucacastelli.com\/fr\/wp-json\/wp\/v2\/product_cat?post=595490"},{"taxonomy":"product_tag","embeddable":true,"href":"https:\/\/lucacastelli.com\/fr\/wp-json\/wp\/v2\/product_tag?post=595490"}],"curies":[{"name":"wp","href":"https:\/\/api.w.org\/{rel}","templated":true}]}}