{"id":595473,"date":"2024-03-24T08:19:35","date_gmt":"2024-03-24T07:19:35","guid":{"rendered":"https:\/\/lucacastelli.com\/prodotto\/montura-hade-camisole-femme\/"},"modified":"2026-03-01T00:24:39","modified_gmt":"2026-02-28T23:24:39","slug":"montura-hade-camisole-femme","status":"publish","type":"product","link":"https:\/\/lucacastelli.com\/fr\/produit\/montura-hade-camisole-femme\/","title":{"rendered":"MONTURA HADE CAMISOLE FEMME"},"content":{"rendered":"<p>&#8211; D\u00e9bardeur femme<br \/>\n&#8211; Tissu Deltapeak\u2122 en jersey de polyester recycl\u00e9 avec protection UV et propri\u00e9t\u00e9s de s\u00e9chage rapide<br \/>\n&#8211; Le v\u00eatement id\u00e9al pour l&#8217;escalade et diverses activit\u00e9s de plein air et de loisirs.<\/p>\n","protected":false},"excerpt":{"rendered":"<p>&#8211; D\u00e9bardeur femme &#8211; Tissu Deltapeak\u2122 en jersey de polyester recycl\u00e9 avec protection UV et propri\u00e9t\u00e9s de s\u00e9chage rapide &#8211;<\/p>\n","protected":false},"featured_media":99105,"template":"","meta":{"_seopress_robots_primary_cat":"","_seopress_titles_title":"","_seopress_titles_desc":"","_seopress_robots_index":""},"product_brand":[4462],"product_cat":[81,981,1387],"product_tag":[],"class_list":{"0":"post-595473","1":"product","2":"type-product","3":"status-publish","4":"has-post-thumbnail","6":"product_brand-montura-fr","7":"product_cat-vetements","8":"product_cat-vetements-de-loisirs","9":"product_cat-vetements-pour-femmes","11":"first","12":"instock","13":"shipping-taxable","14":"purchasable","15":"product-type-variable"},"_links":{"self":[{"href":"https:\/\/lucacastelli.com\/fr\/wp-json\/wp\/v2\/product\/595473","targetHints":{"allow":["GET"]}}],"collection":[{"href":"https:\/\/lucacastelli.com\/fr\/wp-json\/wp\/v2\/product"}],"about":[{"href":"https:\/\/lucacastelli.com\/fr\/wp-json\/wp\/v2\/types\/product"}],"wp:featuredmedia":[{"embeddable":true,"href":"https:\/\/lucacastelli.com\/fr\/wp-json\/wp\/v2\/media\/99105"}],"wp:attachment":[{"href":"https:\/\/lucacastelli.com\/fr\/wp-json\/wp\/v2\/media?parent=595473"}],"wp:term":[{"taxonomy":"product_brand","embeddable":true,"href":"https:\/\/lucacastelli.com\/fr\/wp-json\/wp\/v2\/product_brand?post=595473"},{"taxonomy":"product_cat","embeddable":true,"href":"https:\/\/lucacastelli.com\/fr\/wp-json\/wp\/v2\/product_cat?post=595473"},{"taxonomy":"product_tag","embeddable":true,"href":"https:\/\/lucacastelli.com\/fr\/wp-json\/wp\/v2\/product_tag?post=595473"}],"curies":[{"name":"wp","href":"https:\/\/api.w.org\/{rel}","templated":true}]}}