{"id":595455,"date":"2024-03-24T08:20:37","date_gmt":"2024-03-24T07:20:37","guid":{"rendered":"https:\/\/lucacastelli.com\/prodotto\/maillot-montura-thermalgrid-pro-2-femmes\/"},"modified":"2026-03-01T00:24:37","modified_gmt":"2026-02-28T23:24:37","slug":"maillot-montura-thermalgrid-pro-2-femmes","status":"publish","type":"product","link":"https:\/\/lucacastelli.com\/fr\/produit\/maillot-montura-thermalgrid-pro-2-femmes\/","title":{"rendered":"MAILLOT MONTURA THERMALGRID PRO 2 FEMMES"},"content":{"rendered":"<p>&#8211; Sweat \u00e0 capuche zipp\u00e9 pour femme<br \/>\n&#8211; Tissu polaire en polyester extensible dans les 4 sens avec structure grillag\u00e9e bross\u00e9e dans le dos et haute protection contre les UV<br \/>\n&#8211; D\u00e9tails contrast\u00e9s en nylon extensible avec traitement DWR<br \/>\n&#8211; Fermeture \u00e0 glissi\u00e8re centrale, poches pour les mains et poche poitrine zipp\u00e9e<br \/>\n&#8211; Capuche et ourlet \u00e9lastiqu\u00e9s<br \/>\n&#8211; Le v\u00eatement id\u00e9al pour l&#8217;escalade et diverses activit\u00e9s de plein air et de loisir<\/p>\n","protected":false},"excerpt":{"rendered":"<p>&#8211; Sweat \u00e0 capuche zipp\u00e9 pour femme &#8211; Tissu polaire en polyester extensible dans les 4 sens avec structure grillag\u00e9e<\/p>\n","protected":false},"featured_media":99114,"template":"","meta":{"_seopress_robots_primary_cat":"","_seopress_titles_title":"","_seopress_titles_desc":"","_seopress_robots_index":""},"product_brand":[4462],"product_cat":[81,981,1387],"product_tag":[],"class_list":{"0":"post-595455","1":"product","2":"type-product","3":"status-publish","4":"has-post-thumbnail","6":"product_brand-montura-fr","7":"product_cat-vetements","8":"product_cat-vetements-de-loisirs","9":"product_cat-vetements-pour-femmes","11":"first","12":"instock","13":"shipping-taxable","14":"purchasable","15":"product-type-variable"},"_links":{"self":[{"href":"https:\/\/lucacastelli.com\/fr\/wp-json\/wp\/v2\/product\/595455","targetHints":{"allow":["GET"]}}],"collection":[{"href":"https:\/\/lucacastelli.com\/fr\/wp-json\/wp\/v2\/product"}],"about":[{"href":"https:\/\/lucacastelli.com\/fr\/wp-json\/wp\/v2\/types\/product"}],"wp:featuredmedia":[{"embeddable":true,"href":"https:\/\/lucacastelli.com\/fr\/wp-json\/wp\/v2\/media\/99114"}],"wp:attachment":[{"href":"https:\/\/lucacastelli.com\/fr\/wp-json\/wp\/v2\/media?parent=595455"}],"wp:term":[{"taxonomy":"product_brand","embeddable":true,"href":"https:\/\/lucacastelli.com\/fr\/wp-json\/wp\/v2\/product_brand?post=595455"},{"taxonomy":"product_cat","embeddable":true,"href":"https:\/\/lucacastelli.com\/fr\/wp-json\/wp\/v2\/product_cat?post=595455"},{"taxonomy":"product_tag","embeddable":true,"href":"https:\/\/lucacastelli.com\/fr\/wp-json\/wp\/v2\/product_tag?post=595455"}],"curies":[{"name":"wp","href":"https:\/\/api.w.org\/{rel}","templated":true}]}}