{"id":595416,"date":"2024-03-20T20:45:01","date_gmt":"2024-03-20T19:45:01","guid":{"rendered":"https:\/\/lucacastelli.com\/prodotto\/montura-sarzana-short-femme\/"},"modified":"2026-03-01T00:24:41","modified_gmt":"2026-02-28T23:24:41","slug":"montura-sarzana-short-femme","status":"publish","type":"product","link":"https:\/\/lucacastelli.com\/fr\/produit\/montura-sarzana-short-femme\/","title":{"rendered":"MONTURA SARZANA SHORT FEMME"},"content":{"rendered":"<p>&#8211; Short pour femme<br \/>\n&#8211; Tissu en nylon extensible avec traitement DWR, texture double et r\u00e9sistance aux d\u00e9chirures et \u00e0 l&#8217;abrasion<br \/>\n&#8211; Ceinture avec passants, bouton et fermeture \u00e9clair<br \/>\n&#8211; Poches ouvertes pour les mains<br \/>\n&#8211; Le v\u00eatement id\u00e9al pour de nombreuses activit\u00e9s de plein air et de loisirs<\/p>\n","protected":false},"excerpt":{"rendered":"<p>&#8211; Short pour femme &#8211; Tissu en nylon extensible avec traitement DWR, texture double et r\u00e9sistance aux d\u00e9chirures et \u00e0<\/p>\n","protected":false},"featured_media":99075,"template":"","meta":{"_seopress_robots_primary_cat":"","_seopress_titles_title":"","_seopress_titles_desc":"","_seopress_robots_index":""},"product_brand":[4462],"product_cat":[81,981,1387],"product_tag":[],"class_list":{"0":"post-595416","1":"product","2":"type-product","3":"status-publish","4":"has-post-thumbnail","6":"product_brand-montura-fr","7":"product_cat-vetements","8":"product_cat-vetements-de-loisirs","9":"product_cat-vetements-pour-femmes","11":"first","12":"instock","13":"shipping-taxable","14":"purchasable","15":"product-type-variable"},"_links":{"self":[{"href":"https:\/\/lucacastelli.com\/fr\/wp-json\/wp\/v2\/product\/595416","targetHints":{"allow":["GET"]}}],"collection":[{"href":"https:\/\/lucacastelli.com\/fr\/wp-json\/wp\/v2\/product"}],"about":[{"href":"https:\/\/lucacastelli.com\/fr\/wp-json\/wp\/v2\/types\/product"}],"wp:featuredmedia":[{"embeddable":true,"href":"https:\/\/lucacastelli.com\/fr\/wp-json\/wp\/v2\/media\/99075"}],"wp:attachment":[{"href":"https:\/\/lucacastelli.com\/fr\/wp-json\/wp\/v2\/media?parent=595416"}],"wp:term":[{"taxonomy":"product_brand","embeddable":true,"href":"https:\/\/lucacastelli.com\/fr\/wp-json\/wp\/v2\/product_brand?post=595416"},{"taxonomy":"product_cat","embeddable":true,"href":"https:\/\/lucacastelli.com\/fr\/wp-json\/wp\/v2\/product_cat?post=595416"},{"taxonomy":"product_tag","embeddable":true,"href":"https:\/\/lucacastelli.com\/fr\/wp-json\/wp\/v2\/product_tag?post=595416"}],"curies":[{"name":"wp","href":"https:\/\/api.w.org\/{rel}","templated":true}]}}