{"id":595383,"date":"2023-09-15T10:24:07","date_gmt":"2023-09-15T08:24:07","guid":{"rendered":"https:\/\/lucacastelli.com\/prodotto\/montura-align-jersey-woman\/"},"modified":"2026-03-01T00:24:50","modified_gmt":"2026-02-28T23:24:50","slug":"montura-align-jersey-woman","status":"publish","type":"product","link":"https:\/\/lucacastelli.com\/fr\/produit\/montura-align-jersey-woman\/","title":{"rendered":"MONTURA ALIGN JERSEY WOMAN"},"content":{"rendered":"<p>&#8211; Maillot ouvert pour femmes<br \/>\n&#8211; Tissu polaire thermique extensible dans les 4 sens avec structure gaufr\u00e9e 3D sur l&#8217;envers, haute protection UV<br \/>\n&#8211; Tissu jersey partiellement doubl\u00e9<br \/>\n&#8211; Fermeture \u00e0 glissi\u00e8re sur le devant, poches mains zipp\u00e9es<br \/>\n&#8211; Ourlet \u00e9lastiqu\u00e9<br \/>\n&#8211; V\u00eatement id\u00e9al pour toutes les activit\u00e9s de plein air dynamiques et l&#8217;alpinisme<br \/>\n&#8211; Poids : 0,31 kg<\/p>\n","protected":false},"excerpt":{"rendered":"<p>&#8211; Maillot ouvert pour femmes &#8211; Tissu polaire thermique extensible dans les 4 sens avec structure gaufr\u00e9e 3D sur l&#8217;envers,<\/p>\n","protected":false},"featured_media":98697,"template":"","meta":{"_seopress_robots_primary_cat":"","_seopress_titles_title":"","_seopress_titles_desc":"","_seopress_robots_index":""},"product_brand":[4462],"product_cat":[81,981,1387],"product_tag":[],"class_list":{"0":"post-595383","1":"product","2":"type-product","3":"status-publish","4":"has-post-thumbnail","6":"product_brand-montura-fr","7":"product_cat-vetements","8":"product_cat-vetements-de-loisirs","9":"product_cat-vetements-pour-femmes","11":"first","12":"instock","13":"shipping-taxable","14":"purchasable","15":"product-type-variable"},"_links":{"self":[{"href":"https:\/\/lucacastelli.com\/fr\/wp-json\/wp\/v2\/product\/595383","targetHints":{"allow":["GET"]}}],"collection":[{"href":"https:\/\/lucacastelli.com\/fr\/wp-json\/wp\/v2\/product"}],"about":[{"href":"https:\/\/lucacastelli.com\/fr\/wp-json\/wp\/v2\/types\/product"}],"wp:featuredmedia":[{"embeddable":true,"href":"https:\/\/lucacastelli.com\/fr\/wp-json\/wp\/v2\/media\/98697"}],"wp:attachment":[{"href":"https:\/\/lucacastelli.com\/fr\/wp-json\/wp\/v2\/media?parent=595383"}],"wp:term":[{"taxonomy":"product_brand","embeddable":true,"href":"https:\/\/lucacastelli.com\/fr\/wp-json\/wp\/v2\/product_brand?post=595383"},{"taxonomy":"product_cat","embeddable":true,"href":"https:\/\/lucacastelli.com\/fr\/wp-json\/wp\/v2\/product_cat?post=595383"},{"taxonomy":"product_tag","embeddable":true,"href":"https:\/\/lucacastelli.com\/fr\/wp-json\/wp\/v2\/product_tag?post=595383"}],"curies":[{"name":"wp","href":"https:\/\/api.w.org\/{rel}","templated":true}]}}