{"id":595364,"date":"2023-09-15T08:36:46","date_gmt":"2023-09-15T06:36:46","guid":{"rendered":"https:\/\/lucacastelli.com\/prodotto\/montura-air-action-hybrid-jacket-woman\/"},"modified":"2026-04-18T00:00:18","modified_gmt":"2026-04-17T22:00:18","slug":"montura-air-action-hybrid-jacket-woman","status":"publish","type":"product","link":"https:\/\/lucacastelli.com\/fr\/produit\/montura-air-action-hybrid-jacket-woman\/","title":{"rendered":"MONTURA AIR ACTION HYBRID JACKET WOMAN"},"content":{"rendered":"<p>\u2022 Veste femme r\u00e9sistante aux intemp\u00e9ries avec capuche<br \/>\n\u2022 Tissu nylon GORE-TEX 3 couches avec membrane 28K\/&lt;3,5 RET pour le devant, les \u00e9paules et la capuche<br \/>\n\u2022 Contraste en tissu polyester<br \/>\n\u2022 Devant central avec zip, poches mains avec zip<br \/>\n\u2022 Capuche et bas finis avec \u00e9lastique<br \/>\n\u2022 V\u00eatement id\u00e9al pour toutes les activit\u00e9s outdoor dynamiques, alpinisme et escalade<br \/>\n\u2022 Poids : 0,43 kg<\/p>\n","protected":false},"excerpt":{"rendered":"<p>\u2022 Veste femme r\u00e9sistante aux intemp\u00e9ries avec capuche \u2022 Tissu nylon GORE-TEX 3 couches avec membrane 28K\/&lt;3,5 RET pour le<\/p>\n","protected":false},"featured_media":98678,"template":"","meta":{"_seopress_robots_primary_cat":"none","_seopress_titles_title":"","_seopress_titles_desc":"","_seopress_robots_index":""},"product_brand":[4462],"product_cat":[81,981,1387],"product_tag":[],"class_list":{"0":"post-595364","1":"product","2":"type-product","3":"status-publish","4":"has-post-thumbnail","6":"product_brand-montura-fr","7":"product_cat-vetements","8":"product_cat-vetements-de-loisirs","9":"product_cat-vetements-pour-femmes","10":"sws-gruppo-abb-libero-fr","11":"sws-categoria-sito-fr","12":"sws-conto-ricavi-merci-rivendita-abbigliamento-fr","13":"sws-gruppo-iva-iva81-fr","15":"first","16":"instock","17":"shipping-taxable","18":"purchasable","19":"product-type-variable"},"_links":{"self":[{"href":"https:\/\/lucacastelli.com\/fr\/wp-json\/wp\/v2\/product\/595364","targetHints":{"allow":["GET"]}}],"collection":[{"href":"https:\/\/lucacastelli.com\/fr\/wp-json\/wp\/v2\/product"}],"about":[{"href":"https:\/\/lucacastelli.com\/fr\/wp-json\/wp\/v2\/types\/product"}],"wp:featuredmedia":[{"embeddable":true,"href":"https:\/\/lucacastelli.com\/fr\/wp-json\/wp\/v2\/media\/98678"}],"wp:attachment":[{"href":"https:\/\/lucacastelli.com\/fr\/wp-json\/wp\/v2\/media?parent=595364"}],"wp:term":[{"taxonomy":"product_brand","embeddable":true,"href":"https:\/\/lucacastelli.com\/fr\/wp-json\/wp\/v2\/product_brand?post=595364"},{"taxonomy":"product_cat","embeddable":true,"href":"https:\/\/lucacastelli.com\/fr\/wp-json\/wp\/v2\/product_cat?post=595364"},{"taxonomy":"product_tag","embeddable":true,"href":"https:\/\/lucacastelli.com\/fr\/wp-json\/wp\/v2\/product_tag?post=595364"}],"curies":[{"name":"wp","href":"https:\/\/api.w.org\/{rel}","templated":true}]}}