{"id":595352,"date":"2023-09-14T18:52:13","date_gmt":"2023-09-14T16:52:13","guid":{"rendered":"https:\/\/lucacastelli.com\/prodotto\/montura-polar-trilogy-jacket-woman\/"},"modified":"2026-04-17T23:59:55","modified_gmt":"2026-04-17T21:59:55","slug":"montura-polar-trilogy-jacket-woman","status":"publish","type":"product","link":"https:\/\/lucacastelli.com\/fr\/produit\/montura-polar-trilogy-jacket-woman\/","title":{"rendered":"MONTURA POLAR TRILOGY JACKET WOMAN"},"content":{"rendered":"<p>\u2022 Veste femme avec capuche<br \/>\n\u2022 Tissu double polaire polyester thermique<br \/>\n\u2022 Contraste en tissu jersey<br \/>\n\u2022 Partiellement doubl\u00e9 en tissu polyester<br \/>\n\u2022 Devant avec fermeture \u00e9clair, poches mains avec fermeture \u00e9clair<br \/>\n\u2022 V\u00eatement id\u00e9al pour diverses activit\u00e9s outdoor et loisirs<br \/>\n\u2022 Poids : 0,44 kg<\/p>\n","protected":false},"excerpt":{"rendered":"<p>\u2022 Veste femme avec capuche \u2022 Tissu double polaire polyester thermique \u2022 Contraste en tissu jersey \u2022 Partiellement doubl\u00e9 en<\/p>\n","protected":false},"featured_media":98579,"template":"","meta":{"_seopress_robots_primary_cat":"none","_seopress_titles_title":"","_seopress_titles_desc":"","_seopress_robots_index":""},"product_brand":[4462],"product_cat":[81,981,1387],"product_tag":[],"class_list":{"0":"post-595352","1":"product","2":"type-product","3":"status-publish","4":"has-post-thumbnail","6":"product_brand-montura-fr","7":"product_cat-vetements","8":"product_cat-vetements-de-loisirs","9":"product_cat-vetements-pour-femmes","10":"sws-gruppo-abb-libero-fr","11":"sws-categoria-sito-fr","12":"sws-conto-ricavi-merci-rivendita-abbigliamento-fr","13":"sws-gruppo-iva-iva81-fr","15":"first","16":"instock","17":"shipping-taxable","18":"purchasable","19":"product-type-variable"},"_links":{"self":[{"href":"https:\/\/lucacastelli.com\/fr\/wp-json\/wp\/v2\/product\/595352","targetHints":{"allow":["GET"]}}],"collection":[{"href":"https:\/\/lucacastelli.com\/fr\/wp-json\/wp\/v2\/product"}],"about":[{"href":"https:\/\/lucacastelli.com\/fr\/wp-json\/wp\/v2\/types\/product"}],"wp:featuredmedia":[{"embeddable":true,"href":"https:\/\/lucacastelli.com\/fr\/wp-json\/wp\/v2\/media\/98579"}],"wp:attachment":[{"href":"https:\/\/lucacastelli.com\/fr\/wp-json\/wp\/v2\/media?parent=595352"}],"wp:term":[{"taxonomy":"product_brand","embeddable":true,"href":"https:\/\/lucacastelli.com\/fr\/wp-json\/wp\/v2\/product_brand?post=595352"},{"taxonomy":"product_cat","embeddable":true,"href":"https:\/\/lucacastelli.com\/fr\/wp-json\/wp\/v2\/product_cat?post=595352"},{"taxonomy":"product_tag","embeddable":true,"href":"https:\/\/lucacastelli.com\/fr\/wp-json\/wp\/v2\/product_tag?post=595352"}],"curies":[{"name":"wp","href":"https:\/\/api.w.org\/{rel}","templated":true}]}}