{"id":595338,"date":"2023-09-15T06:27:55","date_gmt":"2023-09-15T04:27:55","guid":{"rendered":"https:\/\/lucacastelli.com\/prodotto\/montura-major-maillot-chaud-femme\/"},"modified":"2026-03-01T00:24:45","modified_gmt":"2026-02-28T23:24:45","slug":"montura-major-maillot-chaud-femme","status":"publish","type":"product","link":"https:\/\/lucacastelli.com\/fr\/produit\/montura-major-maillot-chaud-femme\/","title":{"rendered":"MONTURA MAJOR MAILLOT CHAUD FEMME"},"content":{"rendered":"<p>&#8211; Pull ouvert \u00e0 capuche pour femmes<br \/>\n&#8211; Tissu thermique en maille avec effet peau d&#8217;agneau, respirant et facile d&#8217;entretien<br \/>\n&#8211; Doublure en tissu polyester<br \/>\n&#8211; Fermeture \u00e0 glissi\u00e8re sur le devant, poches pour les mains avec fermeture \u00e0 glissi\u00e8re<br \/>\n&#8211; V\u00eatement id\u00e9al pour diverses activit\u00e9s de plein air et de loisirs<br \/>\n&#8211; Poids : 0,52 kg<\/p>\n","protected":false},"excerpt":{"rendered":"<p>&#8211; Pull ouvert \u00e0 capuche pour femmes &#8211; Tissu thermique en maille avec effet peau d&#8217;agneau, respirant et facile d&#8217;entretien<\/p>\n","protected":false},"featured_media":98594,"template":"","meta":{"_seopress_robots_primary_cat":"","_seopress_titles_title":"","_seopress_titles_desc":"","_seopress_robots_index":""},"product_brand":[4462],"product_cat":[81,981,1387],"product_tag":[],"class_list":{"0":"post-595338","1":"product","2":"type-product","3":"status-publish","4":"has-post-thumbnail","6":"product_brand-montura-fr","7":"product_cat-vetements","8":"product_cat-vetements-de-loisirs","9":"product_cat-vetements-pour-femmes","11":"first","12":"instock","13":"shipping-taxable","14":"purchasable","15":"product-type-variable"},"_links":{"self":[{"href":"https:\/\/lucacastelli.com\/fr\/wp-json\/wp\/v2\/product\/595338","targetHints":{"allow":["GET"]}}],"collection":[{"href":"https:\/\/lucacastelli.com\/fr\/wp-json\/wp\/v2\/product"}],"about":[{"href":"https:\/\/lucacastelli.com\/fr\/wp-json\/wp\/v2\/types\/product"}],"wp:featuredmedia":[{"embeddable":true,"href":"https:\/\/lucacastelli.com\/fr\/wp-json\/wp\/v2\/media\/98594"}],"wp:attachment":[{"href":"https:\/\/lucacastelli.com\/fr\/wp-json\/wp\/v2\/media?parent=595338"}],"wp:term":[{"taxonomy":"product_brand","embeddable":true,"href":"https:\/\/lucacastelli.com\/fr\/wp-json\/wp\/v2\/product_brand?post=595338"},{"taxonomy":"product_cat","embeddable":true,"href":"https:\/\/lucacastelli.com\/fr\/wp-json\/wp\/v2\/product_cat?post=595338"},{"taxonomy":"product_tag","embeddable":true,"href":"https:\/\/lucacastelli.com\/fr\/wp-json\/wp\/v2\/product_tag?post=595338"}],"curies":[{"name":"wp","href":"https:\/\/api.w.org\/{rel}","templated":true}]}}