{"id":595331,"date":"2023-09-14T12:41:58","date_gmt":"2023-09-14T10:41:58","guid":{"rendered":"https:\/\/lucacastelli.com\/prodotto\/montura-isarco-jersey-stretch-femme\/"},"modified":"2026-03-01T00:24:38","modified_gmt":"2026-02-28T23:24:38","slug":"montura-isarco-jersey-stretch-femme","status":"publish","type":"product","link":"https:\/\/lucacastelli.com\/fr\/produit\/montura-isarco-jersey-stretch-femme\/","title":{"rendered":"MONTURA ISARCO JERSEY STRETCH FEMME"},"content":{"rendered":"<p>&#8211; Maillot ouvert pour femme<br \/>\n&#8211; Tissu respirant en nylon\/polyester extensible<br \/>\n&#8211; Partiellement doubl\u00e9 en polyester<br \/>\n&#8211; Fermeture \u00e9clair au milieu du front, poches zipp\u00e9es pour les mains<br \/>\n&#8211; Finition \u00e9lastique au niveau du cou et de l&#8217;ourlet<br \/>\n&#8211; V\u00eatement id\u00e9al pour l&#8217;escalade, l&#8217;alpinisme et diverses activit\u00e9s de plein air<br \/>\n&#8211; Poids : 0,33 kg<\/p>\n","protected":false},"excerpt":{"rendered":"<p>&#8211; Maillot ouvert pour femme &#8211; Tissu respirant en nylon\/polyester extensible &#8211; Partiellement doubl\u00e9 en polyester &#8211; Fermeture \u00e9clair au<\/p>\n","protected":false},"featured_media":98564,"template":"","meta":{"_seopress_robots_primary_cat":"","_seopress_titles_title":"","_seopress_titles_desc":"","_seopress_robots_index":""},"product_brand":[4462],"product_cat":[81,981,1387],"product_tag":[],"class_list":{"0":"post-595331","1":"product","2":"type-product","3":"status-publish","4":"has-post-thumbnail","6":"product_brand-montura-fr","7":"product_cat-vetements","8":"product_cat-vetements-de-loisirs","9":"product_cat-vetements-pour-femmes","11":"first","12":"instock","13":"shipping-taxable","14":"purchasable","15":"product-type-variable"},"_links":{"self":[{"href":"https:\/\/lucacastelli.com\/fr\/wp-json\/wp\/v2\/product\/595331","targetHints":{"allow":["GET"]}}],"collection":[{"href":"https:\/\/lucacastelli.com\/fr\/wp-json\/wp\/v2\/product"}],"about":[{"href":"https:\/\/lucacastelli.com\/fr\/wp-json\/wp\/v2\/types\/product"}],"wp:featuredmedia":[{"embeddable":true,"href":"https:\/\/lucacastelli.com\/fr\/wp-json\/wp\/v2\/media\/98564"}],"wp:attachment":[{"href":"https:\/\/lucacastelli.com\/fr\/wp-json\/wp\/v2\/media?parent=595331"}],"wp:term":[{"taxonomy":"product_brand","embeddable":true,"href":"https:\/\/lucacastelli.com\/fr\/wp-json\/wp\/v2\/product_brand?post=595331"},{"taxonomy":"product_cat","embeddable":true,"href":"https:\/\/lucacastelli.com\/fr\/wp-json\/wp\/v2\/product_cat?post=595331"},{"taxonomy":"product_tag","embeddable":true,"href":"https:\/\/lucacastelli.com\/fr\/wp-json\/wp\/v2\/product_tag?post=595331"}],"curies":[{"name":"wp","href":"https:\/\/api.w.org\/{rel}","templated":true}]}}