{"id":595279,"date":"2023-03-14T12:44:03","date_gmt":"2023-03-14T11:44:03","guid":{"rendered":"https:\/\/lucacastelli.com\/prodotto\/maillot-femme-montura-kristall\/"},"modified":"2026-03-01T00:24:42","modified_gmt":"2026-02-28T23:24:42","slug":"maillot-femme-montura-kristall","status":"publish","type":"product","link":"https:\/\/lucacastelli.com\/fr\/produit\/maillot-femme-montura-kristall\/","title":{"rendered":"MAILLOT FEMME MONTURA KRISTALL"},"content":{"rendered":"<p>&#8211; Pull ouvert \u00e0 capuche pour femmes<br \/>\n&#8211; Mati\u00e8re polaire thermique extensible dans les 4 sens avec structure gaufr\u00e9e 3D sur l&#8217;envers, haute protection contre les UV<br \/>\n&#8211; Partiellement doubl\u00e9 de tissu en maille<br \/>\n&#8211; Fermeture \u00e0 glissi\u00e8re sur le devant, poches zipp\u00e9es pour les mains<br \/>\n&#8211; Capuche et ourlet \u00e9lastiqu\u00e9s<br \/>\n&#8211; V\u00eatement id\u00e9al pour l&#8217;escalade, diverses activit\u00e9s de plein air et le temps libre<\/p>\n","protected":false},"excerpt":{"rendered":"<p>&#8211; Pull ouvert \u00e0 capuche pour femmes &#8211; Mati\u00e8re polaire thermique extensible dans les 4 sens avec structure gaufr\u00e9e 3D<\/p>\n","protected":false},"featured_media":87163,"template":"","meta":{"_seopress_robots_primary_cat":"","_seopress_titles_title":"","_seopress_titles_desc":"","_seopress_robots_index":""},"product_brand":[4462],"product_cat":[81,981,1387],"product_tag":[],"class_list":{"0":"post-595279","1":"product","2":"type-product","3":"status-publish","4":"has-post-thumbnail","6":"product_brand-montura-fr","7":"product_cat-vetements","8":"product_cat-vetements-de-loisirs","9":"product_cat-vetements-pour-femmes","11":"first","12":"instock","13":"shipping-taxable","14":"purchasable","15":"product-type-variable"},"_links":{"self":[{"href":"https:\/\/lucacastelli.com\/fr\/wp-json\/wp\/v2\/product\/595279","targetHints":{"allow":["GET"]}}],"collection":[{"href":"https:\/\/lucacastelli.com\/fr\/wp-json\/wp\/v2\/product"}],"about":[{"href":"https:\/\/lucacastelli.com\/fr\/wp-json\/wp\/v2\/types\/product"}],"wp:featuredmedia":[{"embeddable":true,"href":"https:\/\/lucacastelli.com\/fr\/wp-json\/wp\/v2\/media\/87163"}],"wp:attachment":[{"href":"https:\/\/lucacastelli.com\/fr\/wp-json\/wp\/v2\/media?parent=595279"}],"wp:term":[{"taxonomy":"product_brand","embeddable":true,"href":"https:\/\/lucacastelli.com\/fr\/wp-json\/wp\/v2\/product_brand?post=595279"},{"taxonomy":"product_cat","embeddable":true,"href":"https:\/\/lucacastelli.com\/fr\/wp-json\/wp\/v2\/product_cat?post=595279"},{"taxonomy":"product_tag","embeddable":true,"href":"https:\/\/lucacastelli.com\/fr\/wp-json\/wp\/v2\/product_tag?post=595279"}],"curies":[{"name":"wp","href":"https:\/\/api.w.org\/{rel}","templated":true}]}}