{"id":595223,"date":"2023-06-01T09:45:35","date_gmt":"2023-06-01T07:45:35","guid":{"rendered":"https:\/\/lucacastelli.com\/prodotto\/veste-montura-montura\/"},"modified":"2026-03-01T00:24:59","modified_gmt":"2026-02-28T23:24:59","slug":"veste-montura-montura","status":"publish","type":"product","link":"https:\/\/lucacastelli.com\/fr\/produit\/veste-montura-montura\/","title":{"rendered":"VESTE MONTURA MONTURA"},"content":{"rendered":"<p>&#8211; Veste imperm\u00e9able \u00e0 capuche pour hommes<br \/>\n&#8211; Tissu stretch 3 couches en polyester DWR li\u00e9 \u00e0 un jersey de nylon 20K-15K tr\u00e8s r\u00e9sistant<br \/>\n&#8211; Devant central avec fermeture \u00e0 glissi\u00e8re \u00e0 double curseur et bouton en bas, poches pour les mains avec fermeture \u00e0 glissi\u00e8re<br \/>\n&#8211; Poche de manche avec fermeture \u00e0 glissi\u00e8re et prise d&#8217;antenne<br \/>\n&#8211; Capuche avec visi\u00e8re et bande ajust\u00e9e \u00e0 l&#8217;avant termin\u00e9e par un \u00e9lastique et avec r\u00e9glage \u00e0 l&#8217;arri\u00e8re<br \/>\n&#8211; Poignets r\u00e9glables par velcro<br \/>\n&#8211; Ourlet du bas avec r\u00e9glage<br \/>\n&#8211; Applications r\u00e9fl\u00e9chissantes pour une plus grande visibilit\u00e9<\/p>\n","protected":false},"excerpt":{"rendered":"<p>&#8211; Veste imperm\u00e9able \u00e0 capuche pour hommes &#8211; Tissu stretch 3 couches en polyester DWR li\u00e9 \u00e0 un jersey de<\/p>\n","protected":false},"featured_media":91486,"template":"","meta":{"_seopress_robots_primary_cat":"","_seopress_titles_title":"","_seopress_titles_desc":"","_seopress_robots_index":""},"product_brand":[4462],"product_cat":[81,981,982],"product_tag":[],"class_list":{"0":"post-595223","1":"product","2":"type-product","3":"status-publish","4":"has-post-thumbnail","6":"product_brand-montura-fr","7":"product_cat-vetements","8":"product_cat-vetements-de-loisirs","9":"product_cat-vetements-pour-hommes","10":"sws-gruppo-abb-libero","11":"sws-categoria-sito","12":"sws-conto-ricavi-merci-rivendita-abbigliamento","13":"sws-gruppo-iva-iva81","15":"first","16":"instock","17":"shipping-taxable","18":"purchasable","19":"product-type-variable"},"_links":{"self":[{"href":"https:\/\/lucacastelli.com\/fr\/wp-json\/wp\/v2\/product\/595223","targetHints":{"allow":["GET"]}}],"collection":[{"href":"https:\/\/lucacastelli.com\/fr\/wp-json\/wp\/v2\/product"}],"about":[{"href":"https:\/\/lucacastelli.com\/fr\/wp-json\/wp\/v2\/types\/product"}],"wp:featuredmedia":[{"embeddable":true,"href":"https:\/\/lucacastelli.com\/fr\/wp-json\/wp\/v2\/media\/91486"}],"wp:attachment":[{"href":"https:\/\/lucacastelli.com\/fr\/wp-json\/wp\/v2\/media?parent=595223"}],"wp:term":[{"taxonomy":"product_brand","embeddable":true,"href":"https:\/\/lucacastelli.com\/fr\/wp-json\/wp\/v2\/product_brand?post=595223"},{"taxonomy":"product_cat","embeddable":true,"href":"https:\/\/lucacastelli.com\/fr\/wp-json\/wp\/v2\/product_cat?post=595223"},{"taxonomy":"product_tag","embeddable":true,"href":"https:\/\/lucacastelli.com\/fr\/wp-json\/wp\/v2\/product_tag?post=595223"}],"curies":[{"name":"wp","href":"https:\/\/api.w.org\/{rel}","templated":true}]}}